{"id":886,"date":"2022-10-11T14:19:45","date_gmt":"2022-10-11T14:19:45","guid":{"rendered":"http:\/\/127.0.0.1\/wordpress\/?page_id=886"},"modified":"2022-10-11T14:19:45","modified_gmt":"2022-10-11T14:19:45","slug":"chi-siamo","status":"publish","type":"page","link":"https:\/\/pcxte.it\/?page_id=886","title":{"rendered":"Chi Siamo"},"content":{"rendered":"\n<p>La societ\u00e0 <strong>Dur. In. Com. S.a.s.<\/strong>, proprietaria del sito internet <strong>&#8220;inchiostroxte.it&#8221;<\/strong> , marchio registrato, si \u00e8 impegnata fin dall&#8217;inizio della propria attivit\u00e0, gennaio 1997, a lavorare con i migliori fornitori e gruppi di acquisto, sia nazionali che internazionali, al fine di poter offrire ai propri clienti diverse tipologie di materiale con il miglior rapporto qualit\u00e0\/prezzo.<br>I prodotti da Noi acquistati sono originali, nuovi e di fonte certa; quindi sicuri con provenienza lecita e tracciabile della merce.<br>I Ns. fornitori sono qualificati e la garanzia fornita \u00e8 quella originale del produttore che in alcuni casi va oltre i limiti minimi di legge dei 2 anni ( alcuni prodotti godono di 3 o 5 anni di garanzia ).<br>Questo processo di qualit\u00e0, seriet\u00e0 e correttezza dimostrata, che ha come obiettivo primario il raggiungimento della &#8220;Customer Satisfaction&#8221;, oltre ad essere gi\u00e0 riconosciuto ampiamente dai Ns. clienti, consumatori privati, aziende, enti e pubblica amministrazione \u00e8 stato premiato e riconosciuto negli anni, anche da vari enti certificatori :<\/p>\n\n\n\n<p>nel 2000 viene ottenuta la certificazione da parte di Certisek con numero A1175\/2000, ente certificatore italiano che attesta la seriet\u00e0 e correttezza delle aziende presenti sul web e che operano nel campo dell&#8217;E-Commerce;<\/p>\n\n\n\n<figure class=\"wp-block-image aligncenter size-full\"><img loading=\"lazy\" decoding=\"async\" width=\"148\" height=\"40\" src=\"https:\/\/pcxte.it\/wp-content\/uploads\/2023\/03\/Certisek.gif\" alt=\"\" class=\"wp-image-11521\" srcset=\"https:\/\/pcxte.it\/wp-content\/uploads\/2023\/03\/Certisek.gif 148w, https:\/\/pcxte.it\/wp-content\/uploads\/2023\/03\/Certisek-48x13.gif 48w\" sizes=\"auto, (max-width: 148px) 100vw, 148px\" \/><\/figure>\n\n\n\n<p>a marzo 2006 poi da parte di Federcomin, ente certificatore delle camere di commercio italiane e di confindustria, a seguito di contratto, sottoscrivendo il Codice di Comportamento, a firma del Ns. legale rappresentante, ottiene con numero 344\/2006 la certificazione &#8220;Progetto Fiducia&#8221; e quindi l&#8217;autorizzazione ad esporre il Marchio Fiducia Federcomin nelle proprie pagine web dedicate all&#8217;attivit\u00e0 di E-Commerce.<\/p>\n\n\n\n<figure class=\"wp-block-image aligncenter size-full\"><img loading=\"lazy\" decoding=\"async\" width=\"75\" height=\"75\" src=\"https:\/\/pcxte.it\/wp-content\/uploads\/2023\/03\/ProgettoFiducia.jpg\" alt=\"\" class=\"wp-image-11523\" srcset=\"https:\/\/pcxte.it\/wp-content\/uploads\/2023\/03\/ProgettoFiducia.jpg 75w, https:\/\/pcxte.it\/wp-content\/uploads\/2023\/03\/ProgettoFiducia-48x48.jpg 48w\" sizes=\"auto, (max-width: 75px) 100vw, 75px\" \/><\/figure>\n\n\n\n<p>Tale Progetto della Federcomin nasce con l&#8217;obiettivo di migliorare la fiducia di chi acquista on-line, recependo tutte le indicazioni contenute nella direttiva CE sul commercio elettronico dell&#8217;8 giugno 2000, che stabilisce regole di trasparenza, sicurezza e riservatezza al fine di garantire l&#8217;affidabilit\u00e0 nelle transazioni economiche on-line.<br>La presenza dei marchi Certisek e Fiducia Federcomin garantiscono che l&#8217;azienda si attiene a determinati principi e criteri di trasparenza, sicurezza e riservatezza nel condurre operazioni commerciali on-line.<br>Tali marchi, infatti, assicurano che lo scambio elettronico avvenga nel rispetto della privacy, che i dati riportati sul sito siano veritieri e che siano adottate le migliori tecnologie disponibili per la gestione della sicurezza oltre a garantire il rispetto delle regole contrattuali e la corretta applicazione delle procedure per la gestione dei reclami.<\/p>\n\n\n\n<p>Infatti gi\u00e0 dal lontano 1997, l&#8217;azienda rispetta tutte le norme relative alla sicurezza sul trattamento dei dati (Privacy &#8211; legge 675\/96, abrogata poi dal dlgs. 30 giugno 2003 n. 196), redigendo anche ogni anno il D.P.S. (Documento Programmatico sulla Sicurezza).<br>Ci\u00f2 a completa salvaguardia dei dati acquisiti dai clienti, sia tramite la piattaforma web che presso il Ns. punto vendita, utilizzando a protezione dei medesimi le migliori tecnologie informatiche software e hardware scegliendo per il proprio database web un&#8217;azienda hoster molto seria e certificata :<\/p>\n\n\n\n<p><strong>Certificazione ISO 9001:2008\/2013<\/strong><\/p>\n\n\n\n<figure class=\"wp-block-image alignright size-full\"><img loading=\"lazy\" decoding=\"async\" width=\"168\" height=\"82\" src=\"https:\/\/pcxte.it\/wp-content\/uploads\/2023\/03\/bureau_veritas_9001-1.png\" alt=\"\" class=\"wp-image-11526\" srcset=\"https:\/\/pcxte.it\/wp-content\/uploads\/2023\/03\/bureau_veritas_9001-1.png 168w, https:\/\/pcxte.it\/wp-content\/uploads\/2023\/03\/bureau_veritas_9001-1-48x23.png 48w\" sizes=\"auto, (max-width: 168px) 100vw, 168px\" \/><\/figure>\n\n\n\n<p>Progettazione, sviluppo ed erogazione di software e servizi di:<br>\u2022 Data Center (Server Dedicati, Server Virtuali, Housing, Hosting)<br>\u2022 Soluzioni Cloud oriented in modalit\u00e0 IaaS, SaaS e PaaS<br>\u2022 Posta elettronica convenzionale e certificata (PEC)<br>\u2022 Firma digitale e firma qualificata, firma grafometrica e altre soluzioni tecnologiche di firma elettronica avanzata, firma remota, servizi di Certification Authority<br>\u2022 Infrastrutture a chiave pubblica PKI o attinenti alla sicurezza informatica<br>\u2022 Conservazione digitale sostitutiva<br>\u2022 Backup e Disaster Recovery<br>\u2022 Consulenza in ambito ICT<\/p>\n\n\n\n<p><strong>Certificazione ISAE 3402:2011 Type II Report<\/strong><\/p>\n\n\n\n<figure class=\"wp-block-image alignright size-full\"><img loading=\"lazy\" decoding=\"async\" width=\"168\" height=\"78\" src=\"https:\/\/pcxte.it\/wp-content\/uploads\/2023\/03\/BV_Certification_ISAE_3402_tracciati-1.png\" alt=\"\" class=\"wp-image-11527\" srcset=\"https:\/\/pcxte.it\/wp-content\/uploads\/2023\/03\/BV_Certification_ISAE_3402_tracciati-1.png 168w, https:\/\/pcxte.it\/wp-content\/uploads\/2023\/03\/BV_Certification_ISAE_3402_tracciati-1-48x22.png 48w\" sizes=\"auto, (max-width: 168px) 100vw, 168px\" \/><\/figure>\n\n\n\n<p>La certificazione ISAE 3402 \u00e8 la valutazione del sistema dei controlli operanti sui processi aziendali di organizzazioni che erogano servizi e viene rilasciata previa verifica da parte di Auditor indipendenti.<\/p>\n\n\n\n<p><strong>Certificazione ANSI\/TIA 942-A-2014<\/strong><br>La normativa ANSI\/TIA 942-A-2014 valuta la resilienza di un data center, ossia la sua capacit\u00e0 di garantire la continuit\u00e0 dei servizi erogati.<br>Il data center IT1 di Aruba \u00e8 stato certificato al massimo livello (TIER 4*\/RATING 4) tra quelli previsti dalla normativa. Tale risultato, che indica la capacit\u00e0 di evitare interruzioni dei servizi anche in presenza di guasti gravi (fault-tolerance), \u00e8 stato ottenuto grazie ad una serie di accorgimenti progettuali e realizzativi che hanno interessato tutti gli aspetti del data center: scelta del sito, aspetti architettonici, sicurezza fisica, sistemi antincendio, impianto elettrico, impianto meccanico e reti dati.<br>Vanta inoltre vari accreditamenti :<\/p>\n\n\n\n<p><strong>Accreditamento eIDAS<\/strong><\/p>\n\n\n\n<figure class=\"wp-block-image alignright size-full\"><img loading=\"lazy\" decoding=\"async\" width=\"70\" height=\"103\" src=\"https:\/\/pcxte.it\/wp-content\/uploads\/2023\/03\/accr_eIDAS-e1491321474765.png\" alt=\"\" class=\"wp-image-11528\" srcset=\"https:\/\/pcxte.it\/wp-content\/uploads\/2023\/03\/accr_eIDAS-e1491321474765.png 70w, https:\/\/pcxte.it\/wp-content\/uploads\/2023\/03\/accr_eIDAS-e1491321474765-48x71.png 48w\" sizes=\"auto, (max-width: 70px) 100vw, 70px\" \/><\/figure>\n\n\n\n<p>eIDAS &#8211; &#8220;electronic IDentification Authentication and Signature&#8221;, Regolamento Europeo che reca le condizioni per il riconoscimento reciproco in ambito di identificazione elettronica e le regole comuni per le firme elettroniche, l&#8217;autenticazione web ed i relativi servizi fiduciari per le transazioni elettroniche. Il Regolamento crea un nuovo contesto giuridico e tecnico fondato sul principio di neutralit\u00e0 tecnologica che consente di individuare in modo preciso il quadro di standard di riferimento per garantire l&#8217;interoperabilit\u00e0 a livello comunitario di servizi fiduciari e di identificazione ed autenticazione.<\/p>\n\n\n\n<p><strong>Accreditamento ICANN<\/strong><\/p>\n\n\n\n<figure class=\"wp-block-image alignright size-full\"><img loading=\"lazy\" decoding=\"async\" width=\"120\" height=\"95\" src=\"https:\/\/pcxte.it\/wp-content\/uploads\/2023\/03\/icann-primary-logo-e1491321448895.png\" alt=\"\" class=\"wp-image-11529\" srcset=\"https:\/\/pcxte.it\/wp-content\/uploads\/2023\/03\/icann-primary-logo-e1491321448895.png 120w, https:\/\/pcxte.it\/wp-content\/uploads\/2023\/03\/icann-primary-logo-e1491321448895-48x38.png 48w\" sizes=\"auto, (max-width: 120px) 100vw, 120px\" \/><\/figure>\n\n\n\n<p>L\u2019hoster \u00e8 accreditata presso ICANN &#8211; Internet Corporation for Assigned Names and Numbers &#8211; l&#8217;ente internazionale che ha la funzione di salvaguardare la stabilit\u00e0 operativa di Internet, promuovere la competizione a livello di mercato dei nomi a dominio, garantire il pi\u00f9 elevato livello di rappresentativit\u00e0 della comunit\u00e0 Internet e sviluppare politiche coerenti con il suo mandato tramite processi partecipati e consensuali.<\/p>\n\n\n\n<p>Oggi dopo pi\u00f9 di 20 anni siamo ancora qui, sempre pronti ad affrontare le sfide che il mercato globale, diventato sempre pi\u00f9 agguerrito ed affollato, ci pone. Un mercato che si evolve ogni giorno e che sta portando svariate persone a causa anche della mancanza del tempo a cercare on-line tramite l&#8217;E-Commerce, al di fuori degli orari canonici dei negozi, ci\u00f2 che gli serve.<\/p>\n\n\n\n<p>E&#8217; a costoro che Noi ci rivolgiamo.<\/p>\n\n\n\n<p>Noi siamo qui a loro disposizione e sempre pronti in attesa di nuove evoluzioni !!!<\/p>\n","protected":false},"excerpt":{"rendered":"<p>La societ\u00e0 Dur. In. Com. S.a.s., proprietaria del sito internet &#8220;inchiostroxte.it&#8221; , marchio registrato, si \u00e8 impegnata fin dall&#8217;inizio della propria attivit\u00e0, gennaio 1997, a lavorare con i migliori fornitori e gruppi di acquisto, sia nazionali che internazionali, al fine di poter offrire ai propri clienti diverse tipologie di materiale con il miglior rapporto qualit\u00e0\/prezzo.I &hellip;<\/p>\n<p class=\"read-more\"> <a class=\" thunk-readmore button \" href=\"https:\/\/pcxte.it\/?page_id=886\"> <span class=\"screen-reader-text\">Chi Siamo<\/span>Read More<\/a><\/p>\n","protected":false},"author":1,"featured_media":0,"parent":0,"menu_order":0,"comment_status":"closed","ping_status":"closed","template":"","meta":{"footnotes":""},"class_list":["post-886","page","type-page","status-publish","hentry","thunk-woo-product-list","opn-qv-enable","open-woo-hover-","open-single-product-tab-horizontal","open-shadow-","open-shadow-hover-"],"_links":{"self":[{"href":"https:\/\/pcxte.it\/index.php?rest_route=\/wp\/v2\/pages\/886","targetHints":{"allow":["GET"]}}],"collection":[{"href":"https:\/\/pcxte.it\/index.php?rest_route=\/wp\/v2\/pages"}],"about":[{"href":"https:\/\/pcxte.it\/index.php?rest_route=\/wp\/v2\/types\/page"}],"author":[{"embeddable":true,"href":"https:\/\/pcxte.it\/index.php?rest_route=\/wp\/v2\/users\/1"}],"replies":[{"embeddable":true,"href":"https:\/\/pcxte.it\/index.php?rest_route=%2Fwp%2Fv2%2Fcomments&post=886"}],"version-history":[{"count":0,"href":"https:\/\/pcxte.it\/index.php?rest_route=\/wp\/v2\/pages\/886\/revisions"}],"wp:attachment":[{"href":"https:\/\/pcxte.it\/index.php?rest_route=%2Fwp%2Fv2%2Fmedia&parent=886"}],"curies":[{"name":"wp","href":"https:\/\/api.w.org\/{rel}","templated":true}]}}