{"id":894,"date":"2022-10-11T14:30:37","date_gmt":"2022-10-11T14:30:37","guid":{"rendered":"http:\/\/127.0.0.1\/wordpress\/?page_id=894"},"modified":"2022-10-11T14:30:37","modified_gmt":"2022-10-11T14:30:37","slug":"dove-siamo","status":"publish","type":"page","link":"https:\/\/pcxte.it\/?page_id=894","title":{"rendered":"Dove Siamo"},"content":{"rendered":"\n<figure class=\"wp-block-image aligncenter size-full\"><img loading=\"lazy\" decoding=\"async\" width=\"288\" height=\"64\" src=\"https:\/\/pcxte.it\/wp-content\/uploads\/2022\/10\/inchiostroxte.jpg\" alt=\"\" class=\"wp-image-19\" srcset=\"https:\/\/pcxte.it\/wp-content\/uploads\/2022\/10\/inchiostroxte.jpg 288w, https:\/\/pcxte.it\/wp-content\/uploads\/2022\/10\/inchiostroxte-48x11.jpg 48w\" sizes=\"auto, (max-width: 288px) 100vw, 288px\" \/><\/figure>\n\n\n\n<p>Ha sede in Palermo in&nbsp;<a href=\"https:\/\/www.google.it\/maps\/place\/Via+Serradifalco,+151,+90145+Palermo\/@38.1294975,13.3358987,17z\/data=!3m1!4b1!4m5!3m4!1s0x1319ef47ce969ca3:0x7c3b9a3402a7e466!8m2!3d38.1294975!4d13.3380874\" target=\"_blank\" rel=\"noreferrer noopener\">Via Serradifalco, 151<\/a>&nbsp;(&nbsp;Accanto all&#8217; Istituto Tecnico Commerciale Crispi )<\/p>\n\n\n\n<figure class=\"wp-block-image aligncenter size-full\"><img loading=\"lazy\" decoding=\"async\" width=\"400\" height=\"534\" src=\"https:\/\/pcxte.it\/wp-content\/uploads\/2023\/03\/InchiostroXte-Negozio-ViaSerradifalco151.jpg\" alt=\"\" class=\"wp-image-11516\" srcset=\"https:\/\/pcxte.it\/wp-content\/uploads\/2023\/03\/InchiostroXte-Negozio-ViaSerradifalco151.jpg 400w, https:\/\/pcxte.it\/wp-content\/uploads\/2023\/03\/InchiostroXte-Negozio-ViaSerradifalco151-225x300.jpg 225w, https:\/\/pcxte.it\/wp-content\/uploads\/2023\/03\/InchiostroXte-Negozio-ViaSerradifalco151-48x64.jpg 48w\" sizes=\"auto, (max-width: 400px) 100vw, 400px\" \/><\/figure>\n\n\n\n<p>L&#8217;azienda attiva dal 1997, \u00e8 specializzata nella commercializzazione all&#8217;ingrosso e dettaglio di varie tipologie di consumabili : Toner e Cartucce Originali e Compatibili (EPSON, BROTHER, CANON, HP, LEXMARK, ecc.), Bottiglie di Inchiostro Originali e Compatibili, Kit di Ricarica per tutte le tipologie di stampanti e plotter, sia inkjet che laser.<\/p>\n\n\n\n<figure class=\"wp-block-image aligncenter size-large\"><img loading=\"lazy\" decoding=\"async\" width=\"1024\" height=\"768\" src=\"https:\/\/pcxte.it\/wp-content\/uploads\/2023\/03\/inchiostroxte-foto-1-1024x768.jpeg\" alt=\"\" class=\"wp-image-11571\" srcset=\"https:\/\/pcxte.it\/wp-content\/uploads\/2023\/03\/inchiostroxte-foto-1-1024x768.jpeg 1024w, https:\/\/pcxte.it\/wp-content\/uploads\/2023\/03\/inchiostroxte-foto-1-600x450.jpeg 600w, https:\/\/pcxte.it\/wp-content\/uploads\/2023\/03\/inchiostroxte-foto-1-300x225.jpeg 300w, https:\/\/pcxte.it\/wp-content\/uploads\/2023\/03\/inchiostroxte-foto-1-768x576.jpeg 768w, https:\/\/pcxte.it\/wp-content\/uploads\/2023\/03\/inchiostroxte-foto-1-1536x1152.jpeg 1536w, https:\/\/pcxte.it\/wp-content\/uploads\/2023\/03\/inchiostroxte-foto-1-48x36.jpeg 48w, https:\/\/pcxte.it\/wp-content\/uploads\/2023\/03\/inchiostroxte-foto-1.jpeg 2048w\" sizes=\"auto, (max-width: 1024px) 100vw, 1024px\" \/><\/figure>\n\n\n\n<figure class=\"wp-block-image size-large\"><img loading=\"lazy\" decoding=\"async\" width=\"1024\" height=\"768\" src=\"https:\/\/pcxte.it\/wp-content\/uploads\/2023\/03\/inchiostroxte-foto-2-1024x768.jpeg\" alt=\"\" class=\"wp-image-11579\" srcset=\"https:\/\/pcxte.it\/wp-content\/uploads\/2023\/03\/inchiostroxte-foto-2-1024x768.jpeg 1024w, https:\/\/pcxte.it\/wp-content\/uploads\/2023\/03\/inchiostroxte-foto-2-600x450.jpeg 600w, https:\/\/pcxte.it\/wp-content\/uploads\/2023\/03\/inchiostroxte-foto-2-300x225.jpeg 300w, https:\/\/pcxte.it\/wp-content\/uploads\/2023\/03\/inchiostroxte-foto-2-768x576.jpeg 768w, https:\/\/pcxte.it\/wp-content\/uploads\/2023\/03\/inchiostroxte-foto-2-1536x1152.jpeg 1536w, https:\/\/pcxte.it\/wp-content\/uploads\/2023\/03\/inchiostroxte-foto-2-48x36.jpeg 48w, https:\/\/pcxte.it\/wp-content\/uploads\/2023\/03\/inchiostroxte-foto-2.jpeg 2048w\" sizes=\"auto, (max-width: 1024px) 100vw, 1024px\" \/><\/figure>\n\n\n\n<figure class=\"wp-block-image aligncenter size-large\"><img loading=\"lazy\" decoding=\"async\" width=\"1024\" height=\"768\" src=\"https:\/\/pcxte.it\/wp-content\/uploads\/2023\/03\/inchiostroxte-foto-3-1024x768.jpeg\" alt=\"\" class=\"wp-image-11573\" srcset=\"https:\/\/pcxte.it\/wp-content\/uploads\/2023\/03\/inchiostroxte-foto-3-1024x768.jpeg 1024w, https:\/\/pcxte.it\/wp-content\/uploads\/2023\/03\/inchiostroxte-foto-3-600x450.jpeg 600w, https:\/\/pcxte.it\/wp-content\/uploads\/2023\/03\/inchiostroxte-foto-3-300x225.jpeg 300w, https:\/\/pcxte.it\/wp-content\/uploads\/2023\/03\/inchiostroxte-foto-3-768x576.jpeg 768w, https:\/\/pcxte.it\/wp-content\/uploads\/2023\/03\/inchiostroxte-foto-3-1536x1152.jpeg 1536w, https:\/\/pcxte.it\/wp-content\/uploads\/2023\/03\/inchiostroxte-foto-3-48x36.jpeg 48w, https:\/\/pcxte.it\/wp-content\/uploads\/2023\/03\/inchiostroxte-foto-3.jpeg 2048w\" sizes=\"auto, (max-width: 1024px) 100vw, 1024px\" \/><\/figure>\n\n\n\n<p>Ampio assortimento di prodotti di Cartoleria per Ufficio e Scolastica per Elementari, Medie e Superiori.<\/p>\n\n\n\n<figure class=\"wp-block-image aligncenter size-large\"><img loading=\"lazy\" decoding=\"async\" width=\"1024\" height=\"768\" src=\"https:\/\/pcxte.it\/wp-content\/uploads\/2023\/03\/inchiostroxte-foto-4-1024x768.jpeg\" alt=\"\" class=\"wp-image-11574\" srcset=\"https:\/\/pcxte.it\/wp-content\/uploads\/2023\/03\/inchiostroxte-foto-4-1024x768.jpeg 1024w, https:\/\/pcxte.it\/wp-content\/uploads\/2023\/03\/inchiostroxte-foto-4-600x450.jpeg 600w, https:\/\/pcxte.it\/wp-content\/uploads\/2023\/03\/inchiostroxte-foto-4-300x225.jpeg 300w, https:\/\/pcxte.it\/wp-content\/uploads\/2023\/03\/inchiostroxte-foto-4-768x576.jpeg 768w, https:\/\/pcxte.it\/wp-content\/uploads\/2023\/03\/inchiostroxte-foto-4-1536x1152.jpeg 1536w, https:\/\/pcxte.it\/wp-content\/uploads\/2023\/03\/inchiostroxte-foto-4-48x36.jpeg 48w, https:\/\/pcxte.it\/wp-content\/uploads\/2023\/03\/inchiostroxte-foto-4.jpeg 2048w\" sizes=\"auto, (max-width: 1024px) 100vw, 1024px\" \/><\/figure>\n\n\n\n<figure class=\"wp-block-image size-large\"><img loading=\"lazy\" decoding=\"async\" width=\"1024\" height=\"768\" src=\"https:\/\/pcxte.it\/wp-content\/uploads\/2023\/03\/inchiostroxte-foto-9-1024x768.jpeg\" alt=\"\" class=\"wp-image-11580\" srcset=\"https:\/\/pcxte.it\/wp-content\/uploads\/2023\/03\/inchiostroxte-foto-9-1024x768.jpeg 1024w, https:\/\/pcxte.it\/wp-content\/uploads\/2023\/03\/inchiostroxte-foto-9-600x450.jpeg 600w, https:\/\/pcxte.it\/wp-content\/uploads\/2023\/03\/inchiostroxte-foto-9-300x225.jpeg 300w, https:\/\/pcxte.it\/wp-content\/uploads\/2023\/03\/inchiostroxte-foto-9-768x576.jpeg 768w, https:\/\/pcxte.it\/wp-content\/uploads\/2023\/03\/inchiostroxte-foto-9-1536x1152.jpeg 1536w, https:\/\/pcxte.it\/wp-content\/uploads\/2023\/03\/inchiostroxte-foto-9-48x36.jpeg 48w, https:\/\/pcxte.it\/wp-content\/uploads\/2023\/03\/inchiostroxte-foto-9.jpeg 2048w\" sizes=\"auto, (max-width: 1024px) 100vw, 1024px\" \/><\/figure>\n\n\n\n<figure class=\"wp-block-image size-large\"><img loading=\"lazy\" decoding=\"async\" width=\"1024\" height=\"768\" src=\"https:\/\/pcxte.it\/wp-content\/uploads\/2023\/03\/inchiostroxte-foto-6-1024x768.jpeg\" alt=\"\" class=\"wp-image-11575\" srcset=\"https:\/\/pcxte.it\/wp-content\/uploads\/2023\/03\/inchiostroxte-foto-6-1024x768.jpeg 1024w, https:\/\/pcxte.it\/wp-content\/uploads\/2023\/03\/inchiostroxte-foto-6-600x450.jpeg 600w, https:\/\/pcxte.it\/wp-content\/uploads\/2023\/03\/inchiostroxte-foto-6-300x225.jpeg 300w, https:\/\/pcxte.it\/wp-content\/uploads\/2023\/03\/inchiostroxte-foto-6-768x576.jpeg 768w, https:\/\/pcxte.it\/wp-content\/uploads\/2023\/03\/inchiostroxte-foto-6-1536x1152.jpeg 1536w, https:\/\/pcxte.it\/wp-content\/uploads\/2023\/03\/inchiostroxte-foto-6-48x36.jpeg 48w, https:\/\/pcxte.it\/wp-content\/uploads\/2023\/03\/inchiostroxte-foto-6.jpeg 2048w\" sizes=\"auto, (max-width: 1024px) 100vw, 1024px\" \/><\/figure>\n\n\n\n<figure class=\"wp-block-image size-large\"><img loading=\"lazy\" decoding=\"async\" width=\"1024\" height=\"768\" src=\"https:\/\/pcxte.it\/wp-content\/uploads\/2023\/03\/inchiostroxte-foto-8-1024x768.jpeg\" alt=\"\" class=\"wp-image-11576\" srcset=\"https:\/\/pcxte.it\/wp-content\/uploads\/2023\/03\/inchiostroxte-foto-8-1024x768.jpeg 1024w, https:\/\/pcxte.it\/wp-content\/uploads\/2023\/03\/inchiostroxte-foto-8-600x450.jpeg 600w, https:\/\/pcxte.it\/wp-content\/uploads\/2023\/03\/inchiostroxte-foto-8-300x225.jpeg 300w, https:\/\/pcxte.it\/wp-content\/uploads\/2023\/03\/inchiostroxte-foto-8-768x576.jpeg 768w, https:\/\/pcxte.it\/wp-content\/uploads\/2023\/03\/inchiostroxte-foto-8-1536x1152.jpeg 1536w, https:\/\/pcxte.it\/wp-content\/uploads\/2023\/03\/inchiostroxte-foto-8-48x36.jpeg 48w, https:\/\/pcxte.it\/wp-content\/uploads\/2023\/03\/inchiostroxte-foto-8.jpeg 2048w\" sizes=\"auto, (max-width: 1024px) 100vw, 1024px\" \/><\/figure>\n\n\n\n<p>Disponibilit\u00e0 di Vari Accessori per PC e Notebook ( Tastiere, Mouse, Webcam, Microfoni, Casse Stereo, Hard Disk Esterni, Gruppi di Continuit\u00e0, ecc. ) e Vari Componenti per l&#8217;assemblaggio dei PC ( Case, Alimentatori, Piastre Madri, Ventole, Cpu Intel e AMD, Memorie Ram, Hard Disk anche SSD, Masterizzatori, Schede Video, ecc. ).<\/p>\n\n\n\n<figure class=\"wp-block-image aligncenter size-large\"><img loading=\"lazy\" decoding=\"async\" width=\"1024\" height=\"837\" src=\"https:\/\/pcxte.it\/wp-content\/uploads\/2023\/03\/inchiostroxte-foto-5-1024x837.jpeg\" alt=\"\" class=\"wp-image-11577\" srcset=\"https:\/\/pcxte.it\/wp-content\/uploads\/2023\/03\/inchiostroxte-foto-5-1024x837.jpeg 1024w, https:\/\/pcxte.it\/wp-content\/uploads\/2023\/03\/inchiostroxte-foto-5-600x490.jpeg 600w, https:\/\/pcxte.it\/wp-content\/uploads\/2023\/03\/inchiostroxte-foto-5-300x245.jpeg 300w, https:\/\/pcxte.it\/wp-content\/uploads\/2023\/03\/inchiostroxte-foto-5-768x628.jpeg 768w, https:\/\/pcxte.it\/wp-content\/uploads\/2023\/03\/inchiostroxte-foto-5-1536x1256.jpeg 1536w, https:\/\/pcxte.it\/wp-content\/uploads\/2023\/03\/inchiostroxte-foto-5-48x39.jpeg 48w, https:\/\/pcxte.it\/wp-content\/uploads\/2023\/03\/inchiostroxte-foto-5.jpeg 1879w\" sizes=\"auto, (max-width: 1024px) 100vw, 1024px\" \/><\/figure>\n\n\n\n<p>Disponibilit\u00e0&nbsp;di Borse e Zaini delle Migliori Marche ( Seven, Lonsdale, Hello Kitty, ecc. ), relativi accessori e di modulistica fiscale ( Registro Corrispettivi, Fatture, D.D.T., Prima Nota Cassa, Ricevute Condominio, ecc. ).<\/p>\n\n\n\n<figure class=\"wp-block-image aligncenter size-large\"><img loading=\"lazy\" decoding=\"async\" width=\"1024\" height=\"768\" src=\"https:\/\/pcxte.it\/wp-content\/uploads\/2023\/03\/inchiostroxte-foto-7-1024x768.jpeg\" alt=\"\" class=\"wp-image-11578\" srcset=\"https:\/\/pcxte.it\/wp-content\/uploads\/2023\/03\/inchiostroxte-foto-7-1024x768.jpeg 1024w, https:\/\/pcxte.it\/wp-content\/uploads\/2023\/03\/inchiostroxte-foto-7-600x450.jpeg 600w, https:\/\/pcxte.it\/wp-content\/uploads\/2023\/03\/inchiostroxte-foto-7-300x225.jpeg 300w, https:\/\/pcxte.it\/wp-content\/uploads\/2023\/03\/inchiostroxte-foto-7-768x576.jpeg 768w, https:\/\/pcxte.it\/wp-content\/uploads\/2023\/03\/inchiostroxte-foto-7-1536x1152.jpeg 1536w, https:\/\/pcxte.it\/wp-content\/uploads\/2023\/03\/inchiostroxte-foto-7-48x36.jpeg 48w, https:\/\/pcxte.it\/wp-content\/uploads\/2023\/03\/inchiostroxte-foto-7.jpeg 2048w\" sizes=\"auto, (max-width: 1024px) 100vw, 1024px\" \/><\/figure>\n\n\n\n<p><strong>Orario di Lavoro<\/strong><\/p>\n\n\n\n<p>Luned\u00ec&nbsp; &nbsp; &nbsp; &nbsp; &nbsp;10:00 &#8211; 13:00&nbsp; e &nbsp;16:00 &#8211; 19:30<br>Marted\u00ec&nbsp; &nbsp; &nbsp; &nbsp; 10:00 &#8211; 13:00&nbsp; e &nbsp;16:00 &#8211; 19:30<br>Mercoled\u00ec&nbsp; &nbsp; 10:00 &#8211; 13:00&nbsp; e &nbsp;16:00 &#8211; 19:30<br>Gioved\u00ec&nbsp; &nbsp; &nbsp; &nbsp; 10:00 &#8211; 13:00&nbsp; e &nbsp;16:00 &#8211; 19:30<br>Venerd\u00ec&nbsp; &nbsp; &nbsp; &nbsp; 10:00 &#8211; 13:00&nbsp; e &nbsp;16:00 &#8211; 19:30<\/p>\n\n\n\n<p><strong>Come Raggiungerci<\/strong><\/p>\n\n\n\n<p>Il Ns. punto vendita si trova al centro di Palermo facilmente raggiungibile sia con i mezzi pubblici che tramite auto.<\/p>\n\n\n\n<p><strong><em>Via TRAM :<br><\/em><\/strong><a href=\"http:\/\/amat.pa.it\/linea%202\/\" target=\"_blank\" rel=\"noreferrer noopener\"><strong>Linea 2<\/strong> &#8211; \u201cBorgonuovo \u2013Notarbartolo\u201d<\/a>. Direzione Capolinea Notarbartolo direzione Via Leonardo da Vinci,&nbsp;&#8220;Fermata Respighi &#8211; Piazza Ziino&#8221;.<br><a href=\"http:\/\/amat.pa.it\/Linea%203\/\"><strong>Linea 3<\/strong> \u201cC.E.P. \u2013 Notarbartolo\u201d<\/a> . Direzione Capolinea Notarbartolo direzione Via Leonardo da Vinci,&nbsp;&#8220;Fermata Respighi &#8211; Piazza Ziino&#8221;.<br><a href=\"http:\/\/amat.pa.it\/Linea%204\/\" target=\"_blank\" rel=\"noreferrer noopener\"><strong>Linea 4<\/strong> &#8211; \u201cNotarbartolo-Calatafimi-Notarbartolo\u201d<\/a>. Direzione Capolinea Notarbartolo direzione Via Leonardo da Vinci,&nbsp;&#8220;Fermata Respighi &#8211; Piazza Ziino&#8221;.<br>Tornare indietro e percorrere a piedi la Via Serradifalco costeggiando i negozi sulla sinistra. Dopo qualche metro prima di arrivare a Piazza Campolo siete arrivati a InchiostroXte.<\/p>\n\n\n\n<p><strong><em>In AUTO :<\/em><\/strong><br>Venendo dal lato mare salire per Via Duca della Verdura poi sempre dritto per Via Notarbartolo. All&#8217;altezza di Piazza Matteo Maria Boiardo, difronte la Stazione Notarbartolo, girare a destra, poi a sinistra e poi proseguire di nuovo per Via Notarbartolo. Andare sempre dritto fino ad arrivare a Piazza Ottavio Ziino; qui girare a destra e poi subito a sinistra imboccando la Via Serradifalco. Dopo pochi metri siete arrivati presso InchiostroXte. Il negozio si trova sulla sinistra accanto il negozio di cosmesi naturali &#8220;Nutribel&#8221;.<\/p>\n\n\n\n<p>Oppure lato monte venendo da Catania, percorrendo la&nbsp;E90 \/ Viale Regione Siciliana Nord Ovest (Palermo).<br>O venendo da Trapani uscita&nbsp;percorrendo la&nbsp;E90 \/ Viale Regione Siciliana Sud Est&nbsp;(Palermo).<\/p>\n\n\n\n<p>Qui sotto trovate la mappa di Google :<\/p>\n\n\n","protected":false},"excerpt":{"rendered":"<p>Ha sede in Palermo in&nbsp;Via Serradifalco, 151&nbsp;(&nbsp;Accanto all&#8217; Istituto Tecnico Commerciale Crispi ) L&#8217;azienda attiva dal 1997, \u00e8 specializzata nella commercializzazione all&#8217;ingrosso e dettaglio di varie tipologie di consumabili : Toner e Cartucce Originali e Compatibili (EPSON, BROTHER, CANON, HP, LEXMARK, ecc.), Bottiglie di Inchiostro Originali e Compatibili, Kit di Ricarica per tutte le tipologie &hellip;<\/p>\n<p class=\"read-more\"> <a class=\" thunk-readmore button \" href=\"https:\/\/pcxte.it\/?page_id=894\"> <span class=\"screen-reader-text\">Dove Siamo<\/span>Read More<\/a><\/p>\n","protected":false},"author":1,"featured_media":0,"parent":0,"menu_order":0,"comment_status":"closed","ping_status":"closed","template":"","meta":{"footnotes":""},"class_list":["post-894","page","type-page","status-publish","hentry","thunk-woo-product-list","opn-qv-enable","open-woo-hover-","open-single-product-tab-horizontal","open-shadow-","open-shadow-hover-"],"_links":{"self":[{"href":"https:\/\/pcxte.it\/index.php?rest_route=\/wp\/v2\/pages\/894","targetHints":{"allow":["GET"]}}],"collection":[{"href":"https:\/\/pcxte.it\/index.php?rest_route=\/wp\/v2\/pages"}],"about":[{"href":"https:\/\/pcxte.it\/index.php?rest_route=\/wp\/v2\/types\/page"}],"author":[{"embeddable":true,"href":"https:\/\/pcxte.it\/index.php?rest_route=\/wp\/v2\/users\/1"}],"replies":[{"embeddable":true,"href":"https:\/\/pcxte.it\/index.php?rest_route=%2Fwp%2Fv2%2Fcomments&post=894"}],"version-history":[{"count":0,"href":"https:\/\/pcxte.it\/index.php?rest_route=\/wp\/v2\/pages\/894\/revisions"}],"wp:attachment":[{"href":"https:\/\/pcxte.it\/index.php?rest_route=%2Fwp%2Fv2%2Fmedia&parent=894"}],"curies":[{"name":"wp","href":"https:\/\/api.w.org\/{rel}","templated":true}]}}