{"id":911,"date":"2022-10-11T17:13:00","date_gmt":"2022-10-11T17:13:00","guid":{"rendered":"http:\/\/127.0.0.1\/wordpress\/?page_id=911"},"modified":"2022-10-11T17:13:00","modified_gmt":"2022-10-11T17:13:00","slug":"certificazioni","status":"publish","type":"page","link":"https:\/\/pcxte.it\/?page_id=911","title":{"rendered":"Certificazioni"},"content":{"rendered":"\n<p>Dal <strong>1997<\/strong> la Nostra azienda, lavora con professionalit\u00e0 e correttezza, al fine del raggiungimento della &#8220;Customer Satisfaction&#8221;.<\/p>\n\n\n\n<p>Questa seriet\u00e0, oltre ad essere gi\u00e0 riconosciuto ampiamente dai Ns. clienti, consumatori privati, aziende, enti e pubblica amministrazione \u00e8 stato premiato e riconosciuto negli anni, anche da vari enti certificatori :<\/p>\n\n\n\n<p>nel <strong>2000<\/strong> viene ottenuta la certificazione da parte di Certisek con numero <strong>A1175\/2000<\/strong>, ente certificatore italiano che attesta la seriet\u00e0 e correttezza delle aziende presenti sul web e che operano nel campo dell&#8217;E-Commerce;<\/p>\n\n\n\n<figure class=\"wp-block-image aligncenter size-full\"><img loading=\"lazy\" decoding=\"async\" width=\"148\" height=\"40\" src=\"https:\/\/pcxte.it\/wp-content\/uploads\/2023\/03\/Certisek.gif\" alt=\"\" class=\"wp-image-11521\" srcset=\"https:\/\/pcxte.it\/wp-content\/uploads\/2023\/03\/Certisek.gif 148w, https:\/\/pcxte.it\/wp-content\/uploads\/2023\/03\/Certisek-48x13.gif 48w\" sizes=\"auto, (max-width: 148px) 100vw, 148px\" \/><\/figure>\n\n\n\n<p>a marzo <strong>2006<\/strong> poi da parte di Federcomin, ente certificatore delle camere di commercio italiane e di confindustria, a seguito di contratto, sottoscrivendo il Codice di Comportamento, a firma del Ns. legale rappresentante, ottiene con numero <strong>344\/2006<\/strong> la certificazione &#8220;Progetto Fiducia&#8221; e quindi l&#8217;autorizzazione ad esporre il Marchio Fiducia Federcomin nelle proprie pagine web dedicate all&#8217;attivit\u00e0 di E-Commerce.<\/p>\n\n\n\n<figure class=\"wp-block-image aligncenter size-full\"><img loading=\"lazy\" decoding=\"async\" width=\"75\" height=\"75\" src=\"https:\/\/pcxte.it\/wp-content\/uploads\/2023\/03\/ProgettoFiducia.jpg\" alt=\"\" class=\"wp-image-11523\" srcset=\"https:\/\/pcxte.it\/wp-content\/uploads\/2023\/03\/ProgettoFiducia.jpg 75w, https:\/\/pcxte.it\/wp-content\/uploads\/2023\/03\/ProgettoFiducia-48x48.jpg 48w\" sizes=\"auto, (max-width: 75px) 100vw, 75px\" \/><\/figure>\n\n\n\n<p>Tale Progetto della Federcomin nasce con l&#8217;obiettivo di migliorare la fiducia di chi acquista on-line, recependo tutte le indicazioni contenute nella direttiva CE sul commercio elettronico dell&#8217;8 giugno 2000, che stabilisce regole di trasparenza, sicurezza e riservatezza al fine di garantire l&#8217;affidabilit\u00e0 nelle transazioni economiche on-line.<\/p>\n\n\n\n<p>La presenza dei marchi Certisek e Fiducia Federcomin garantiscono che l&#8217;azienda si attiene a determinati principi e criteri di trasparenza, sicurezza e riservatezza nel condurre operazioni commerciali on-line.<\/p>\n\n\n\n<p>Tali marchi, infatti, assicurano che lo scambio elettronico avvenga nel rispetto della privacy, che i dati riportati sul sito siano veritieri e che siano adottate le migliori tecnologie disponibili per la gestione della sicurezza oltre a garantire il rispetto delle regole contrattuali e la corretta applicazione delle procedure per la gestione dei reclami.<\/p>\n","protected":false},"excerpt":{"rendered":"<p>Dal 1997 la Nostra azienda, lavora con professionalit\u00e0 e correttezza, al fine del raggiungimento della &#8220;Customer Satisfaction&#8221;. Questa seriet\u00e0, oltre ad essere gi\u00e0 riconosciuto ampiamente dai Ns. clienti, consumatori privati, aziende, enti e pubblica amministrazione \u00e8 stato premiato e riconosciuto negli anni, anche da vari enti certificatori : nel 2000 viene ottenuta la certificazione da &hellip;<\/p>\n<p class=\"read-more\"> <a class=\" thunk-readmore button \" href=\"https:\/\/pcxte.it\/?page_id=911\"> <span class=\"screen-reader-text\">Certificazioni<\/span>Read More<\/a><\/p>\n","protected":false},"author":1,"featured_media":0,"parent":0,"menu_order":0,"comment_status":"closed","ping_status":"closed","template":"","meta":{"footnotes":""},"class_list":["post-911","page","type-page","status-publish","hentry","thunk-woo-product-list","opn-qv-enable","open-woo-hover-","open-single-product-tab-horizontal","open-shadow-","open-shadow-hover-"],"_links":{"self":[{"href":"https:\/\/pcxte.it\/index.php?rest_route=\/wp\/v2\/pages\/911","targetHints":{"allow":["GET"]}}],"collection":[{"href":"https:\/\/pcxte.it\/index.php?rest_route=\/wp\/v2\/pages"}],"about":[{"href":"https:\/\/pcxte.it\/index.php?rest_route=\/wp\/v2\/types\/page"}],"author":[{"embeddable":true,"href":"https:\/\/pcxte.it\/index.php?rest_route=\/wp\/v2\/users\/1"}],"replies":[{"embeddable":true,"href":"https:\/\/pcxte.it\/index.php?rest_route=%2Fwp%2Fv2%2Fcomments&post=911"}],"version-history":[{"count":0,"href":"https:\/\/pcxte.it\/index.php?rest_route=\/wp\/v2\/pages\/911\/revisions"}],"wp:attachment":[{"href":"https:\/\/pcxte.it\/index.php?rest_route=%2Fwp%2Fv2%2Fmedia&parent=911"}],"curies":[{"name":"wp","href":"https:\/\/api.w.org\/{rel}","templated":true}]}}