{"id":925,"date":"2022-10-11T17:26:49","date_gmt":"2022-10-11T17:26:49","guid":{"rendered":"http:\/\/127.0.0.1\/wordpress\/?page_id=925"},"modified":"2022-10-11T17:26:49","modified_gmt":"2022-10-11T17:26:49","slug":"garanzia","status":"publish","type":"page","link":"https:\/\/pcxte.it\/?page_id=925","title":{"rendered":"Garanzia"},"content":{"rendered":"\n<p><strong>Acquista in modo sicuro con la certezza&nbsp;di essere sempre tutelato.<br><\/strong><strong>Anche dopo l\u2019acquisto ci prendiamo cura dei tuoi diritti.<\/strong><\/p>\n\n\n\n<p>Tutti i prodotti commercializzati da Inchiostroxte sono coperti dalla garanzia convenzionale del produttore e dalla garanzia di 24 mesi per i difetti di conformit\u00e0, ai sensi del DL 24\/02.<\/p>\n\n\n\n<p>Per fruire dell&#8217;assistenza in garanzia, il Cliente dovr\u00e0 conservare la fattura (o il DDT) ricevuti.<br>L&#8217;esercizio della Garanzia pu\u00f2 prevedere la richiesta di assistenza ai Centri Assistenza Autorizzati presenti sul territorio seguendo le modalit\u00e0 illustrate nella documentazione presente all&#8217;interno della confezione del prodotto.<\/p>\n\n\n\n<p>La garanzia convenzionale del produttore viene fornita secondo le modalit\u00e0 illustrate nella documentazione presente all&#8217;interno della confezione del prodotto. Se, a seguito di intervento da parte di un Centro Assistenza Autorizzato, il difetto dovesse risultare non coperto dalla garanzia convenzionale del produttore, al Cliente saranno addebitati gli eventuali costi di verifica e ripristino richiesti dall&#8217;Assistenza Autorizzata, nonch\u00e9 i costi di trasporto, se sostenuti da Inchiostroxte.<\/p>\n\n\n\n<p>Le sostituzioni in caso di DOA (Dead On Arrival: prodotto non funzionante alla consegna) avvengono solo se espressamente previste dal produttore. I tempi di sostituzione o eventuale riparazione del prodotto dipendono esclusivamente dalle politiche del produttore.<\/p>\n\n\n\n<p><strong>Garanzia 24 mesi<\/strong><\/p>\n\n\n\n<p>La garanzia di 24 mesi ai sensi del DL 24\/02 si applica al prodotto che presenti un difetto di conformit\u00e0, purch\u00e9 il prodotto stesso sia utilizzato correttamente, nel rispetto della sua destinazione d&#8217;uso e di quanto previsto nella documentazione tecnica allegata. Tale garanzia \u00e8 riservata al Consumatore privato (persona fisica che acquista la merce per scopi non riferibili alla propria attivit\u00e0 professionale, ovvero effettua l&#8217;acquisto senza indicare nel modulo d&#8217;ordine un riferimento di Partita IVA).<\/p>\n\n\n\n<p>In caso di difetto di conformit\u00e0, Inchiostroxte provvede, senza spese per il Cliente, al ripristino della conformit\u00e0 del prodotto mediante riparazione\/sostituzione o alla riduzione del prezzo, fino alla risoluzione del contratto. Se, a seguito di intervento da parte di un Centro Assistenza Autorizzato, il vizio non dovesse risultare un difetto di conformit\u00e0 ai sensi del DL 24\/02, al Cliente saranno addebitati gli eventuali costi di verifica e ripristino richiesti dall&#8217;Assistenza Autorizzata, nonch\u00e9 i costi di trasporto se sostenuti da Inchiostroxte. Nel caso in cui, per qualsiasi ragione, non fosse in grado di rendere al proprio cliente un prodotto in garanzia (ripristinato o sostituito), Inchiostroxte potr\u00e0 procedere a propria discrezione alla sua sostituzione con un prodotto uguale o di pari caratteristiche e valore, o al rilascio di un buono sconto di pari importo spendibile su un altro prodotto entro 6 mesi.<\/p>\n\n\n\n<p><strong>Tempistiche<\/strong><\/p>\n\n\n\n<p>I tempi di riparazione o eventuale sostituzione del prodotto dipendono esclusivamente dalle politiche del produttore \/ fornitore e nessun danno pu\u00f2 essere richiesto a Inchiostroxte per eventuali ritardi nell&#8217;effettuazione di riparazioni o sostituzioni.<\/p>\n\n\n\n<p><strong>Restituzione<\/strong><\/p>\n\n\n\n<p>Nei casi in cui l&#8217;applicazione delle garanzie preveda la restituzione del prodotto, il bene dovr\u00e0 essere restituito dal Cliente nella confezione originale, completa in tutte le sue parti (compresi imballo ed eventuale documentazione e dotazione accessoria: manuali, cavi, ecc&#8230;); per limitare danneggiamenti alla confezione originale, raccomandiamo di inserirla in una seconda scatola; va evitata in tutti i casi l&#8217;apposizione di etichette o nastri adesivi direttamente sulla confezione originale del prodotto.<\/p>\n\n\n\n<p>Al Cliente verr\u00e0 fornito un numero di autorizzazione al rientro del prodotto (RMA) che dovr\u00e0 essere indicato all\u2019esterno dell&#8217;imballo, seguendo le indicazioni fornite direttamente nella relativa e-mail di autorizzazione.<\/p>\n","protected":false},"excerpt":{"rendered":"<p>Acquista in modo sicuro con la certezza&nbsp;di essere sempre tutelato.Anche dopo l\u2019acquisto ci prendiamo cura dei tuoi diritti. Tutti i prodotti commercializzati da Inchiostroxte sono coperti dalla garanzia convenzionale del produttore e dalla garanzia di 24 mesi per i difetti di conformit\u00e0, ai sensi del DL 24\/02. Per fruire dell&#8217;assistenza in garanzia, il Cliente dovr\u00e0 &hellip;<\/p>\n<p class=\"read-more\"> <a class=\" thunk-readmore button \" href=\"https:\/\/pcxte.it\/?page_id=925\"> <span class=\"screen-reader-text\">Garanzia<\/span>Read More<\/a><\/p>\n","protected":false},"author":1,"featured_media":0,"parent":0,"menu_order":0,"comment_status":"closed","ping_status":"closed","template":"","meta":{"footnotes":""},"class_list":["post-925","page","type-page","status-publish","hentry","thunk-woo-product-list","opn-qv-enable","open-woo-hover-","open-single-product-tab-horizontal","open-shadow-","open-shadow-hover-"],"_links":{"self":[{"href":"https:\/\/pcxte.it\/index.php?rest_route=\/wp\/v2\/pages\/925","targetHints":{"allow":["GET"]}}],"collection":[{"href":"https:\/\/pcxte.it\/index.php?rest_route=\/wp\/v2\/pages"}],"about":[{"href":"https:\/\/pcxte.it\/index.php?rest_route=\/wp\/v2\/types\/page"}],"author":[{"embeddable":true,"href":"https:\/\/pcxte.it\/index.php?rest_route=\/wp\/v2\/users\/1"}],"replies":[{"embeddable":true,"href":"https:\/\/pcxte.it\/index.php?rest_route=%2Fwp%2Fv2%2Fcomments&post=925"}],"version-history":[{"count":0,"href":"https:\/\/pcxte.it\/index.php?rest_route=\/wp\/v2\/pages\/925\/revisions"}],"wp:attachment":[{"href":"https:\/\/pcxte.it\/index.php?rest_route=%2Fwp%2Fv2%2Fmedia&parent=925"}],"curies":[{"name":"wp","href":"https:\/\/api.w.org\/{rel}","templated":true}]}}