{"id":931,"date":"2022-10-11T17:43:48","date_gmt":"2022-10-11T17:43:48","guid":{"rendered":"http:\/\/127.0.0.1\/wordpress\/?page_id=931"},"modified":"2022-10-11T17:43:48","modified_gmt":"2022-10-11T17:43:48","slug":"privacy-policy-2","status":"publish","type":"page","link":"https:\/\/pcxte.it\/?page_id=931","title":{"rendered":"Privacy Policy"},"content":{"rendered":"\n<h1 class=\"wp-block-heading\">INFORMATIVA SUL TRATTAMENTO DEI DATI PERSONALI<\/h1>\n\n\n\n<p>(ai sensi dell\u00b4art. 13 D. Lgs. 196\/2003)<\/p>\n\n\n\n<p>Ai sensi dell&#8217;art. 13 del D. Lgs. 30 giugno 2003 n. 196 (&#8220;Codice in materia di protezione dei dati personali&#8221;), <strong>InchiostroXte<\/strong>, marchio registrato di&nbsp;<strong>Dur. In. Com. S.a.s. di Durante Alessandro &amp; C.<\/strong>&nbsp;La informa che i dati personali forniti formeranno oggetto di trattamento nel rispetto della suddetta normativa e secondo i criteri di seguito indicati:<\/p>\n\n\n\n<p>1) <strong>Finalit\u00e0 della raccolta:<\/strong> I dati personali da Lei forniti saranno raccolti, trattati e conservati per le seguenti finalit\u00e0:<br>svolgimento dell&#8217;attivit\u00e0 richiesta, iscrizione alle &#8220;community&#8221; di utenti, promosse sul siti web InchiostroXte marchio registrato di&nbsp;<strong>Dur. In. Com. S.a.s. di Durante Alessandro &amp; C.<\/strong>; invio di informazioni e materiale pubblicitario, invio di newsletter, altre iniziative promozionali e di comunicazione commerciale, anche attraverso l&#8217;utilizzo dell&#8217;indirizzo di posta elettronica rapporti contrattuali e commerciali; qualsiasi ulteriore finalit\u00e0 in relazione alla quale il soggetto cui i dati si riferiscono abbia fornito espressamente il proprio consenso relativamente alla &#8220;modalit\u00e0 di partecipazione&#8221; di cui sopra. Se l&#8217;utente non desidera che i suoi dati siano inseriti nel nostro DataBase, preghiamo di esimersi dall&#8217;iscrizione all&#8217;invio della newsletter. D&#8217;altra parte, salvo non venga dall&#8217;utente indicato il contrario, la Sua iscrizione implicher\u00e0 la registrazione dei Suoi dati nel Database di <strong>Dur. In. Com. S.a.s. di Durante Alessandro &amp; C.<\/strong>&nbsp;e, qualora flaggato anche il box relativo oltre quello del trattamento del dato generale, l&#8217;esplicito consenso al trattamento dei dati ai fini del ricevimento di mail pubblicitarie. Se l&#8217;utente desidera opporsi al fatto che i suoi dati vengano inclusi nei sopra citati Database, clicchi nell&#8217;apposita sezione sottostante il coupon d&#8217;iscrizione.<\/p>\n\n\n\n<p>2) <strong>Modalit\u00e0 del trattamento e conservazione dei dati:<\/strong>&nbsp;Il trattamento dei dati avverr\u00e0 con gli strumenti e le modalit\u00e0 ritenute idonee a proteggere la sicurezza e la riservatezza dei dati personali e potr\u00e0 essere effettuato sia manualmente, sia attraverso l&#8217;ausilio di strumenti elettronici o comunque automatizzati, e comprender\u00e0 tutte le operazioni previste dalla legge e necessarie al trattamento in questione, inclusa la comunicazione nei confronti dei soggetti di cui al successivo punto.<\/p>\n\n\n\n<p>3) <strong>Tipologia del trattamento:<\/strong> Alcuni dei dati potranno essere trattati tramite reti telematiche, sia con riguardo a reti locali protette che con riguardo alla rete Internet. Con riferimento a quest&#8217;ultima, i trattamenti effettuati saranno soggetti agli standard di sicurezza offerti dalla rete. I dati in questione saranno trattati da personale dipendente <strong>Dur. In. Com. S.a.s. di Durante Alessandro &amp; C.<\/strong>&nbsp;e\/o da dipendenti di primarie societ\u00e0 terze incaricate da <strong>Dur. In. Com. S.a.s. di Durante Alessandro &amp; C.<\/strong>, autorizzato al trattamento ed alla conservazione dei dati, opportunamente identificato ed istruito e reso edotto dei vincoli imposti dal D. Lgs. 196\/2003.<\/p>\n\n\n\n<p>4) <strong>Natura del conferimento:&nbsp;<\/strong>Il conferimento dei dati personali ha natura facoltativa, tuttavia pu\u00f2 essere necessario per il conseguimento di alcuni dei fini indicati (gestione dei concorsi ed operazioni a premio; attivazione di rapporti contrattuali e commerciali; ecc.), nel qual caso il mancato conferimento di dati obbligatori non ne consentir\u00e0 il perseguimento.<\/p>\n\n\n\n<p>5) <strong>Comunicazione dei dati:<\/strong> I dati personali non saranno comunicati o diffusi a terzi, fatta eccezione per le primarie societ\u00e0 terze, eventualmente incaricate da <strong>Dur. In. Com. S.a.s. di Durante Alessandro &amp; C.&nbsp;<\/strong>del perseguimento delle finalit\u00e0 di cui al precedente punto 1).<\/p>\n\n\n\n<p>6) <strong>Titolare del trattamento:<\/strong> Titolare del trattamento dei dati personali \u00e8 il signor Durante Alessandro, c\/o sede legale <strong>Dur. In. Com. S.a.s. di Durante Alessandro &amp; C.<\/strong>&nbsp;in Palermo, Via Generale Vincenzo Streva, 21 CAP 90143, legale rappresentante pro tempore.<\/p>\n\n\n\n<p>7) <strong>Diritti dell&#8217;interessato:<\/strong> In relazione al trattamento dei dati personali, Le \u00e8 riconosciuto l&#8217;esercizio dei diritti di cui all&#8217;art. 7 del D. Lgs. 196\/2003, il cui testo \u00e8 di seguito integralmente riportato. Art. 7 (Diritto di accesso ai dati personali ed altri diritti)<\/p>\n\n\n\n<p>L&#8217;interessato (a semplice richiesta via mail a&nbsp;<strong>privacy@durincom.it<\/strong>) ha diritto di ottenere la conferma dell&#8217;esistenza o meno di dati personali che lo riguardano, anche se non ancora registrati, e la loro comunicazione in forma intelligibile.<\/p>\n\n\n\n<p>L&#8217;interessato ha diritto di ottenere l&#8217;indicazione:<br>a. dell&#8217;origine dei dati personali;<br>b. delle finalit\u00e0 e modalit\u00e0 del trattamento;<br>c. della logica applicata in caso di trattamento effettuato con l&#8217;ausilio di strumenti elettronici;<br>d. degli estremi identificativi del titolare, dei responsabili e del rappresentante designato ai sensi dell&#8217;articolo 5, comma 2;<br>e. dei soggetti o delle categorie di soggetti ai quali i dati personali possono essere comunicati o che possono venirne a conoscenza in qualit\u00e0 di rappresentante designato nel territorio dello Stato, di responsabili o incaricati.<br>L&#8217;interessato ha diritto di ottenere:<br>a. l&#8217;aggiornamento, la rettificazione ovvero, quando vi ha interesse, l&#8217;integrazione dei dati;<br>b. la cancellazione, la trasformazione in forma anonima o il blocco dei dati trattati in violazione di legge, compresi quelli di cui non \u00e8 necessaria la conservazione in relazione agli scopi per i quali i dati sono stati raccolti o successivamente trattati;<br>c. l&#8217;attestazione che le operazioni di cui alle lettere a) e b) sono state portate a conoscenza, anche per quanto riguarda il loro contenuto, di coloro ai quali i dati sono stati comunicati o diffusi, eccettuato il caso in cui tale adempimento si rivela impossibile o comporta un impiego di mezzi manifestamente sproporzionato rispetto al diritto tutelato.<\/p>\n\n\n\n<p>L&#8217;interessato ha diritto di opporsi con semplice comunicazione via mail (<strong>privacy@durincom.it<\/strong>), in tutto o in parte per motivi legittimi al trattamento dei dati personali che lo riguardano, ancorch\u00e9 pertinenti allo scopo della raccolta; al trattamento di dati personali che lo riguardano a fini di invio di materiale pubblicitario o di vendita diretta o per il compimento di ricerche di mercato o di comunicazione commerciale.<\/p>\n\n\n\n<p>Per qualunque approfondimento in merito alla modalit\u00e0 di trattamento dei dati personali, alla richiesta di accesso, di modifica o di cancellazione degli stessi, oppure per opporsi al loro utilizzo, si prega di contattare:<\/p>\n\n\n\n<p><strong>Dur. In. Com. S.a.s. di Durante Alessandro &amp; C.<br>Sede Legale Via Generale Vincenzo Streva, 21<br>90143 &#8211; PALERMO &#8211; ITALIA<\/strong><\/p>\n\n\n\n<p><strong>Codice Fiscale\/P. IVA IT<\/strong><strong>04460320825<\/strong><\/p>\n\n\n\n<p><strong>Registrazione Tribunale di PA n. 1048 1A<\/strong><\/p>\n\n\n\n<p><strong>C.C.I.A.A. di PA n. 110829 &#8211; REA 197360\/1997<\/strong><\/p>\n\n\n\n<p><strong>Phone:&nbsp;+39. 0916825032<\/strong><\/p>\n\n\n\n<p><strong>Fax:&nbsp;+39. 0916825032<\/strong><\/p>\n\n\n\n<p><strong>E-mail: privacy@durincom.it<\/strong><\/p>\n","protected":false},"excerpt":{"rendered":"<p>INFORMATIVA SUL TRATTAMENTO DEI DATI PERSONALI (ai sensi dell\u00b4art. 13 D. Lgs. 196\/2003) Ai sensi dell&#8217;art. 13 del D. Lgs. 30 giugno 2003 n. 196 (&#8220;Codice in materia di protezione dei dati personali&#8221;), InchiostroXte, marchio registrato di&nbsp;Dur. In. Com. S.a.s. di Durante Alessandro &amp; C.&nbsp;La informa che i dati personali forniti formeranno oggetto di trattamento &hellip;<\/p>\n<p class=\"read-more\"> <a class=\" thunk-readmore button \" href=\"https:\/\/pcxte.it\/?page_id=931\"> <span class=\"screen-reader-text\">Privacy Policy<\/span>Read More<\/a><\/p>\n","protected":false},"author":1,"featured_media":0,"parent":0,"menu_order":0,"comment_status":"closed","ping_status":"closed","template":"","meta":{"footnotes":""},"class_list":["post-931","page","type-page","status-publish","hentry","thunk-woo-product-list","opn-qv-enable","open-woo-hover-","open-single-product-tab-horizontal","open-shadow-","open-shadow-hover-"],"_links":{"self":[{"href":"https:\/\/pcxte.it\/index.php?rest_route=\/wp\/v2\/pages\/931","targetHints":{"allow":["GET"]}}],"collection":[{"href":"https:\/\/pcxte.it\/index.php?rest_route=\/wp\/v2\/pages"}],"about":[{"href":"https:\/\/pcxte.it\/index.php?rest_route=\/wp\/v2\/types\/page"}],"author":[{"embeddable":true,"href":"https:\/\/pcxte.it\/index.php?rest_route=\/wp\/v2\/users\/1"}],"replies":[{"embeddable":true,"href":"https:\/\/pcxte.it\/index.php?rest_route=%2Fwp%2Fv2%2Fcomments&post=931"}],"version-history":[{"count":0,"href":"https:\/\/pcxte.it\/index.php?rest_route=\/wp\/v2\/pages\/931\/revisions"}],"wp:attachment":[{"href":"https:\/\/pcxte.it\/index.php?rest_route=%2Fwp%2Fv2%2Fmedia&parent=931"}],"curies":[{"name":"wp","href":"https:\/\/api.w.org\/{rel}","templated":true}]}}