{"id":940,"date":"2022-10-11T17:53:52","date_gmt":"2022-10-11T17:53:52","guid":{"rendered":"http:\/\/127.0.0.1\/wordpress\/?page_id=940"},"modified":"2022-10-11T17:53:52","modified_gmt":"2022-10-11T17:53:52","slug":"qualita","status":"publish","type":"page","link":"https:\/\/pcxte.it\/?page_id=940","title":{"rendered":"Qualit\u00e0"},"content":{"rendered":"\n<p>La qualit\u00e0 non ha prezzo\u2026.<\/p>\n\n\n\n<p>Noi siamo certi di aver dato il <strong>giusto prezzo alla qualit\u00e0 !!!<br><\/strong><br>La ns. azienda, presente nel mercato dal lontano 1997, ha sempre cercato di offrire il miglior rapporto qualit\u00e0 prezzo su tutti i prodotti venduti.<\/p>\n\n\n\n<p>Spesso si cerca on-line il prezzo pi\u00f9 basso\u2026. poi i prodotti arrivati non corrispondono alle descrizioni e non danni i risultati sperati.<\/p>\n\n\n\n<p>Bisogna anche tenere presente che la produzione degli inchiostri e dei toner \u00e8 un processo complicato durante il quale vengono utilizzate sostanze che possono risultare pericolose qualora non vengano manipolate con attenzione e che quindi possono danneggiare anche l\u2019ambiente. A questo proposito i Ns. fornitori proteggono il pianeta grazie al loro costante impegno mantenendo elevati standard industriali che gli hanno permesso di ottenere varie certificazioni.<\/p>\n\n\n\n<figure class=\"wp-block-image aligncenter size-full\"><img loading=\"lazy\" decoding=\"async\" width=\"450\" height=\"200\" src=\"https:\/\/pcxte.it\/wp-content\/uploads\/2023\/03\/loghi.jpg\" alt=\"\" class=\"wp-image-11983\" srcset=\"https:\/\/pcxte.it\/wp-content\/uploads\/2023\/03\/loghi.jpg 450w, https:\/\/pcxte.it\/wp-content\/uploads\/2023\/03\/loghi-300x133.jpg 300w, https:\/\/pcxte.it\/wp-content\/uploads\/2023\/03\/loghi-48x21.jpg 48w\" sizes=\"auto, (max-width: 450px) 100vw, 450px\" \/><\/figure>\n\n\n\n<p>Purtroppo non \u00e8 facile riuscire nell\u2019impresa di fornire un prodotto compatibile di certo livello ad un prezzo consono.<\/p>\n\n\n\n<p>Gli oltre 25 anni spesi nel campo dell\u2019informatica, la grande esperienza come tecnici e il Ns. buon senso, ci hanno insegnato che spesso le cose che sembrano semplici poi diventano complesse.<\/p>\n\n\n\n<p>Quindi anche montare una cartuccia\/toner su una stampante, se si \u00e8 neofiti, nuovi utenti, pu\u00f2 essere un\u2019impresa\u2026.insormontabile !!<\/p>\n\n\n\n<p>Non c\u2019\u00e8 nessun problema.<\/p>\n\n\n\n<p>Noi siamo qui a Vs. disposizione tramite un numero di telefono fisso<\/p>\n\n\n\n<figure class=\"wp-block-image aligncenter size-full\"><img loading=\"lazy\" decoding=\"async\" width=\"185\" height=\"76\" src=\"https:\/\/pcxte.it\/wp-content\/uploads\/2022\/10\/infoline.jpg\" alt=\"\" class=\"wp-image-869\" srcset=\"https:\/\/pcxte.it\/wp-content\/uploads\/2022\/10\/infoline.jpg 185w, https:\/\/pcxte.it\/wp-content\/uploads\/2022\/10\/infoline-48x20.jpg 48w\" sizes=\"auto, (max-width: 185px) 100vw, 185px\" \/><\/figure>\n\n\n\n<p>dove un essere umano risponde con educazione e competenza aiutando anche le persone meno esperte nel riuscire nell\u2019impresa di far funzionare il nuovo prodotto da Noi acquistato.<\/p>\n\n\n\n<p>Se poi ci dovesse essere un malfunzionamento del prodotto arrivato, in fondo \u201cnessuno \u00e8 perfetto\u201d, Noi lo garantiamo e quindi tramite una procedura, molto semplice di reso vi sostituiamo il prodotto con altro nuovo.<\/p>\n\n\n\n<p>Per i clienti pi\u00f9 esigenti, poi offriamo una linea di prodotti originali offrendo anche un prezzo in linea con la qualit\u00e0 fornita.<\/p>\n\n\n\n<p>Che dire di altro\u2026.<br>Non abbiamo paura della concorrenza altrui e per questo ci mettiamo anche &#8220;<strong>la faccia&#8221;<\/strong> !!!<\/p>\n\n\n\n<figure class=\"wp-block-image aligncenter size-full\"><img loading=\"lazy\" decoding=\"async\" width=\"150\" height=\"150\" src=\"https:\/\/pcxte.it\/wp-content\/uploads\/2023\/03\/AlessandroDurante_SEO_InchiostroXte-1.jpg\" alt=\"\" class=\"wp-image-11979\" srcset=\"https:\/\/pcxte.it\/wp-content\/uploads\/2023\/03\/AlessandroDurante_SEO_InchiostroXte-1.jpg 150w, https:\/\/pcxte.it\/wp-content\/uploads\/2023\/03\/AlessandroDurante_SEO_InchiostroXte-1-100x100.jpg 100w, https:\/\/pcxte.it\/wp-content\/uploads\/2023\/03\/AlessandroDurante_SEO_InchiostroXte-1-48x48.jpg 48w\" sizes=\"auto, (max-width: 150px) 100vw, 150px\" \/><\/figure>\n","protected":false},"excerpt":{"rendered":"<p>La qualit\u00e0 non ha prezzo\u2026. Noi siamo certi di aver dato il giusto prezzo alla qualit\u00e0 !!!La ns. azienda, presente nel mercato dal lontano 1997, ha sempre cercato di offrire il miglior rapporto qualit\u00e0 prezzo su tutti i prodotti venduti. Spesso si cerca on-line il prezzo pi\u00f9 basso\u2026. poi i prodotti arrivati non corrispondono alle &hellip;<\/p>\n<p class=\"read-more\"> <a class=\" thunk-readmore button \" href=\"https:\/\/pcxte.it\/?page_id=940\"> <span class=\"screen-reader-text\">Qualit\u00e0<\/span>Read More<\/a><\/p>\n","protected":false},"author":1,"featured_media":0,"parent":0,"menu_order":0,"comment_status":"closed","ping_status":"closed","template":"","meta":{"footnotes":""},"class_list":["post-940","page","type-page","status-publish","hentry","thunk-woo-product-list","opn-qv-enable","open-woo-hover-","open-single-product-tab-horizontal","open-shadow-","open-shadow-hover-"],"_links":{"self":[{"href":"https:\/\/pcxte.it\/index.php?rest_route=\/wp\/v2\/pages\/940","targetHints":{"allow":["GET"]}}],"collection":[{"href":"https:\/\/pcxte.it\/index.php?rest_route=\/wp\/v2\/pages"}],"about":[{"href":"https:\/\/pcxte.it\/index.php?rest_route=\/wp\/v2\/types\/page"}],"author":[{"embeddable":true,"href":"https:\/\/pcxte.it\/index.php?rest_route=\/wp\/v2\/users\/1"}],"replies":[{"embeddable":true,"href":"https:\/\/pcxte.it\/index.php?rest_route=%2Fwp%2Fv2%2Fcomments&post=940"}],"version-history":[{"count":0,"href":"https:\/\/pcxte.it\/index.php?rest_route=\/wp\/v2\/pages\/940\/revisions"}],"wp:attachment":[{"href":"https:\/\/pcxte.it\/index.php?rest_route=%2Fwp%2Fv2%2Fmedia&parent=940"}],"curies":[{"name":"wp","href":"https:\/\/api.w.org\/{rel}","templated":true}]}}