{"id":942,"date":"2022-10-11T17:55:38","date_gmt":"2022-10-11T17:55:38","guid":{"rendered":"http:\/\/127.0.0.1\/wordpress\/?page_id=942"},"modified":"2022-10-11T17:55:38","modified_gmt":"2022-10-11T17:55:38","slug":"spedizioni-e-consegna","status":"publish","type":"page","link":"https:\/\/pcxte.it\/?page_id=942","title":{"rendered":"Spedizioni e Consegna"},"content":{"rendered":"\n<p>Dopo la verifica del pagamento, la spedizione della merce avviene generalmente entro 3 giorni lavorativi. Le spedizioni partono al mattino, quindi i pagamenti pervenuti dopo le 9:30 partono il giorno seguente. Gli articoli vengono spediti subito salvo che non siano, nel frattempo, esauriti.<\/p>\n\n\n\n<p>Sar\u00e0 necessario, in tal caso, attendere il nuovo rifornimento prima che avvenga la spedizione della merce ordinata. Inchiostroxte.it \u00ae si riserva, in casi particolari, di provvedere alla spedizione della merce ordinata in due tempi. In tal caso le spese di spedizione del 2\u00b0 invio sono a nostro carico. I prezzi degli articoli sono comprensivi di Iva.<\/p>\n\n\n\n<p><strong>Gli ordini NON sono accompagnati dalla fattura di vendita.&nbsp;<\/strong><br>In caso sia necessaria la fatturazione, si prega di indicarlo specificatamente inserendo l&#8217;intestazione della Ditta\/Azienda e la relativa&nbsp;Partita IVA e Codice Fiscale&nbsp;nello spazio dell&#8217;ordine riservato alle comunicazioni.<\/p>\n\n\n\n<p><strong>ATTENZIONE<\/strong>: Una volta spediti da Inchiostroxte.it \u00ae i prodotti\u00a0<strong>DEVONO ESSERE RITIRATI<\/strong>\u00a0(qualunque sia la modalit\u00e0 di spedizione richiesta e la forma di pagamento prescelta).\u00a0<strong>Nel caso vi fossero ripensamenti l&#8217;ordine pu\u00f2 essere annullato, entro i tempi appresso specificati, con una semplice comunicazione via email<\/strong>:<\/p>\n\n\n\n<p>&#8211; Se non vi \u00e8 ancora stata inviata la comunicazione di lavorazione definitiva dell&#8217;ordine (&#8220;IN SPEDIZIONE&#8221;), provvederemo all&#8217;immediato annullamento;<\/p>\n\n\n\n<p>&#8211; Se la vostra richiesta dovesse giungere DOPO questa nostra comunicazione via email, cercheremo di verificare la possibilit\u00e0 tecnica di bloccare l&#8217;invio del pacco ma non siamo in grado di garantire l&#8217;annullamento dell&#8217;ordine;<\/p>\n\n\n\n<p>&#8211; Una volta avvenuta la spedizione (invio della nostra comunicazione via email &#8220;SPEDITO&#8221;) il pacco deve essere ritirato.<\/p>\n\n\n\n<p><strong>Corriere Espresso SDA<\/strong>: La spedizione avviene con Corriere Espresso SDA che garantisce la consegna in 2\/3 giorni lavorativi.<br><strong>Esempio:<\/strong><br>ordine effettuato marted\u00ec &#8211; partenza mercoled\u00ec &#8211; consegna gioved\u00ec\/venerd\u00ec<br>ordine effettuato venerd\u00ec (o sabato &#8211; domenica) &#8211; partenza luned\u00ec &#8211; consegna marted\u00ec\/mercoled\u00ec<\/p>\n\n\n\n<p>Se i prodotti ordinati non dovessero essere tutti disponibili o non fosse possibile effettuare la spedizione urgente, sar\u00e0 cura del nostro servizio Assistenza contattare l&#8217;utente per verificare la possibilit\u00e0 di invio ordinario o per l&#8217;annullamento dell&#8217;ordine.<\/p>\n\n\n\n<p><strong>ATTENZIONE<\/strong>: I tempi di consegna con Corriere Espresso sono quelli indicati da SDA ed Inchiostroxte.it \u00ae non \u00e8 responsabile di eventuali ritardi, a qualsiasi titolo dovessero verificarsi. Gli stessi sono imputabili unicamente al Corriere. Per ogni consegna vengono effettuati 2 (due) tentativi presso l&#8217;indirizzo del cliente. Se dovessero andare a vuoto, il Corriere provveder\u00e0 a lasciare un Avviso con i recapiti telefonici da contattare per l&#8217;eventuale ritiro a cura del Cliente presso il magazzino del Corriere (da effettuare tassativamente entro 2\/3 giorni dal secondo tentativo). Dopo ci\u00f2, se non fosse ancora stato possibile consegnare il pacco, lo stesso verr\u00e0 restituito al mittente. Tutte le spese relative alla avvenuta giacenza, all&#8217;eventuale ritorno al mittente e la successiva nuova spedizione, saranno addebitate per intero al destinatario, cos\u00ec come eventuali spese legali e\/o di riscossione dell&#8217;importo dovuto.<\/p>\n","protected":false},"excerpt":{"rendered":"<p>Dopo la verifica del pagamento, la spedizione della merce avviene generalmente entro 3 giorni lavorativi. Le spedizioni partono al mattino, quindi i pagamenti pervenuti dopo le 9:30 partono il giorno seguente. Gli articoli vengono spediti subito salvo che non siano, nel frattempo, esauriti. Sar\u00e0 necessario, in tal caso, attendere il nuovo rifornimento prima che avvenga &hellip;<\/p>\n<p class=\"read-more\"> <a class=\" thunk-readmore button \" href=\"https:\/\/pcxte.it\/?page_id=942\"> <span class=\"screen-reader-text\">Spedizioni e Consegna<\/span>Read More<\/a><\/p>\n","protected":false},"author":1,"featured_media":0,"parent":0,"menu_order":0,"comment_status":"closed","ping_status":"closed","template":"","meta":{"footnotes":""},"class_list":["post-942","page","type-page","status-publish","hentry","thunk-woo-product-list","opn-qv-enable","open-woo-hover-","open-single-product-tab-horizontal","open-shadow-","open-shadow-hover-"],"_links":{"self":[{"href":"https:\/\/pcxte.it\/index.php?rest_route=\/wp\/v2\/pages\/942","targetHints":{"allow":["GET"]}}],"collection":[{"href":"https:\/\/pcxte.it\/index.php?rest_route=\/wp\/v2\/pages"}],"about":[{"href":"https:\/\/pcxte.it\/index.php?rest_route=\/wp\/v2\/types\/page"}],"author":[{"embeddable":true,"href":"https:\/\/pcxte.it\/index.php?rest_route=\/wp\/v2\/users\/1"}],"replies":[{"embeddable":true,"href":"https:\/\/pcxte.it\/index.php?rest_route=%2Fwp%2Fv2%2Fcomments&post=942"}],"version-history":[{"count":0,"href":"https:\/\/pcxte.it\/index.php?rest_route=\/wp\/v2\/pages\/942\/revisions"}],"wp:attachment":[{"href":"https:\/\/pcxte.it\/index.php?rest_route=%2Fwp%2Fv2%2Fmedia&parent=942"}],"curies":[{"name":"wp","href":"https:\/\/api.w.org\/{rel}","templated":true}]}}