{"id":944,"date":"2022-10-11T17:57:44","date_gmt":"2022-10-11T17:57:44","guid":{"rendered":"http:\/\/127.0.0.1\/wordpress\/?page_id=944"},"modified":"2022-10-11T17:57:44","modified_gmt":"2022-10-11T17:57:44","slug":"transazioni-sicure","status":"publish","type":"page","link":"https:\/\/pcxte.it\/?page_id=944","title":{"rendered":"Transazioni Sicure"},"content":{"rendered":"\n<figure class=\"wp-block-image alignleft size-full\"><img loading=\"lazy\" decoding=\"async\" width=\"65\" height=\"82\" src=\"https:\/\/pcxte.it\/wp-content\/uploads\/2023\/03\/icon-ssl-dv-sm-inchiostroxte.png\" alt=\"\" class=\"wp-image-11985\" srcset=\"https:\/\/pcxte.it\/wp-content\/uploads\/2023\/03\/icon-ssl-dv-sm-inchiostroxte.png 65w, https:\/\/pcxte.it\/wp-content\/uploads\/2023\/03\/icon-ssl-dv-sm-inchiostroxte-48x61.png 48w\" sizes=\"auto, (max-width: 65px) 100vw, 65px\" \/><\/figure>\n\n\n\n<p>Il sito inchiostroxte.it \u00e8 stato progettato fin dall\u2019inizio per offrire la massima sicurezza a tutti gli utenti.<br>Utilizza il protocollo sicuro https (HyperText Transfer Protocol over Secure Socket Layer) utilizzando il certificato SSL DV (Domain Validated).<\/p>\n\n\n\n<p>Questo certificato verifica che il dominio sia assegnato al richiedente o che sia sotto il controllo del richiedente. Il certificato consente la cifratura della sessione con chiavi da 128 bit o superiore per cui i visitatori del sito web<br>e-commerce <strong>inchiostroxte.it <\/strong>possono trasmettere informazioni ed effettuare transazioni online in modo sicuro e protetto. Il certificato \u00e8 supportato dai principali web browser sui dispositivi pc, tablet e smartphone.<\/p>\n\n\n\n<p>In pi\u00f9 monitoriamo costantemente ogni singolo acquisto e transazione, per prevenire frodi, email di phishing, furti di identit\u00e0 e altre situazioni spiacevoli. I nostri avanzati sistemi di crittografia automatica contribuiscono a mantenere elevati gli standard di protezione.<\/p>\n\n\n\n<p>I mezzi che mettiamo a disposizione degli utenti e clienti del sito per i pagamenti sono sicuri e certificati.<\/p>\n\n\n\n<figure class=\"wp-block-image aligncenter size-full\"><img loading=\"lazy\" decoding=\"async\" width=\"200\" height=\"49\" src=\"https:\/\/pcxte.it\/wp-content\/uploads\/2023\/03\/Logo-PayPal.jpg\" alt=\"\" class=\"wp-image-11987\" srcset=\"https:\/\/pcxte.it\/wp-content\/uploads\/2023\/03\/Logo-PayPal.jpg 200w, https:\/\/pcxte.it\/wp-content\/uploads\/2023\/03\/Logo-PayPal-48x12.jpg 48w\" sizes=\"auto, (max-width: 200px) 100vw, 200px\" \/><\/figure>\n\n\n\n<p><strong>LA TUA SICUREZZA AL PRIMO&nbsp;POSTO<\/strong>: scegliendo di pagare con PayPal o con Carta di Credito, beneficerai della massima sicurezza e tutela&nbsp;attualmente disponibile per gli acquisti online.<\/p>\n\n\n\n<p><strong>VELOCITA&#8217; ASSOLUTA<\/strong>: il tuo pagamento&nbsp;verr\u00e0 validato e verificato nell&#8217;immediato di conseguenza, il tuo ordine sar\u00e0 gestito pi\u00f9 rapidamente rispetto agli altri sistemi di pagamento.<\/p>\n\n\n\n<p>Verrai indirizzato alla pagina protetta di PAYPAL. Potrai quindi concludere il pagamento direttamente dal tuo conto PAYPAL&nbsp;oppure scegliere di utilizzare una qualsiasi altra CARTA DI CREDITO.<\/p>\n\n\n\n<p>In caso di annullamento dell&#8217;ordine, l&#8217;importo verr\u00e0 prontamente stornato e riaccreditato sul conto PayPal o sulla Carta di Credito utilizzata.<\/p>\n\n\n\n<p><strong>PROTEZIONE ACQUISTI:&nbsp;<\/strong>Sicurezza e tranquillit\u00e0 assoluta<strong><em>.<\/em><\/strong>&nbsp;<a href=\"https:\/\/www.paypal.com\/it\/webapps\/mpp\/paypal-safety-and-security\">Maggiori dettagli<\/a><\/p>\n\n\n\n<figure class=\"wp-block-image aligncenter size-full\"><img loading=\"lazy\" decoding=\"async\" width=\"204\" height=\"21\" src=\"https:\/\/pcxte.it\/wp-content\/uploads\/2023\/03\/Gest-Pay.jpg\" alt=\"\" class=\"wp-image-11989\" srcset=\"https:\/\/pcxte.it\/wp-content\/uploads\/2023\/03\/Gest-Pay.jpg 204w, https:\/\/pcxte.it\/wp-content\/uploads\/2023\/03\/Gest-Pay-48x5.jpg 48w\" sizes=\"auto, (max-width: 204px) 100vw, 204px\" \/><\/figure>\n\n\n\n<p>GEST PAY by Banca Sella accetta ogni metodo di pagamento senza porre pi\u00f9 limiti ai tuoi acquisti. Potete pagare con tutte le carte di credito, ovunque vi troviate nel mondo, in qualsiasi valuta e con qualsiasi dispositivo.<\/p>\n\n\n\n<p>La transazione avviene sempre tramite https sul sito sicuro di Banca Sella.<\/p>\n","protected":false},"excerpt":{"rendered":"<p>Il sito inchiostroxte.it \u00e8 stato progettato fin dall\u2019inizio per offrire la massima sicurezza a tutti gli utenti.Utilizza il protocollo sicuro https (HyperText Transfer Protocol over Secure Socket Layer) utilizzando il certificato SSL DV (Domain Validated). Questo certificato verifica che il dominio sia assegnato al richiedente o che sia sotto il controllo del richiedente. Il certificato &hellip;<\/p>\n<p class=\"read-more\"> <a class=\" thunk-readmore button \" href=\"https:\/\/pcxte.it\/?page_id=944\"> <span class=\"screen-reader-text\">Transazioni Sicure<\/span>Read More<\/a><\/p>\n","protected":false},"author":1,"featured_media":0,"parent":0,"menu_order":0,"comment_status":"closed","ping_status":"closed","template":"","meta":{"footnotes":""},"class_list":["post-944","page","type-page","status-publish","hentry","thunk-woo-product-list","opn-qv-enable","open-woo-hover-","open-single-product-tab-horizontal","open-shadow-","open-shadow-hover-"],"_links":{"self":[{"href":"https:\/\/pcxte.it\/index.php?rest_route=\/wp\/v2\/pages\/944","targetHints":{"allow":["GET"]}}],"collection":[{"href":"https:\/\/pcxte.it\/index.php?rest_route=\/wp\/v2\/pages"}],"about":[{"href":"https:\/\/pcxte.it\/index.php?rest_route=\/wp\/v2\/types\/page"}],"author":[{"embeddable":true,"href":"https:\/\/pcxte.it\/index.php?rest_route=\/wp\/v2\/users\/1"}],"replies":[{"embeddable":true,"href":"https:\/\/pcxte.it\/index.php?rest_route=%2Fwp%2Fv2%2Fcomments&post=944"}],"version-history":[{"count":0,"href":"https:\/\/pcxte.it\/index.php?rest_route=\/wp\/v2\/pages\/944\/revisions"}],"wp:attachment":[{"href":"https:\/\/pcxte.it\/index.php?rest_route=%2Fwp%2Fv2%2Fmedia&parent=944"}],"curies":[{"name":"wp","href":"https:\/\/api.w.org\/{rel}","templated":true}]}}