{"id":948,"date":"2022-10-11T18:02:31","date_gmt":"2022-10-11T18:02:31","guid":{"rendered":"http:\/\/127.0.0.1\/wordpress\/?page_id=948"},"modified":"2022-10-11T18:02:31","modified_gmt":"2022-10-11T18:02:31","slug":"termini-condizioni","status":"publish","type":"page","link":"https:\/\/pcxte.it\/?page_id=948","title":{"rendered":"Termini &#038; Condizioni"},"content":{"rendered":"\n<p><strong>1. VALIDITA&#8217;<\/strong><\/p>\n\n\n\n<p>Queste condizioni regolano la vendita e la fornitura di prodotti da parte di Inchiostroxte.it \u00ae con sede in Palermo, Italia. Inchiostroxte.it \u00ae pu\u00f2 modificare queste condizioni in futuro; nel caso, ne sarete informati tempestivamente con un avviso che verr\u00e0 pubblicato sul nostro sito.<\/p>\n\n\n\n<p><strong>2. COME ACQUISTARE<\/strong><\/p>\n\n\n\n<p>Da oggi fare acquisti su Inchiostroxte.it \u00ae \u00e8 semplice come inviare una e-mail; scegliete nelle pagine del sito il prodotto pi\u00f9 adatto alle vostre esigenze, mettetelo nel carrello e quindi procedete alla cassa. Per ogni tipologia di prodotti, in fondo alla schermata troverete il &#8220;carrello&#8221; dove inserire i vostri acquisti. Cliccando su &#8220;acquista&#8221; verranno visualizzate alcune maschere. Vi baster\u00e0 compilare indicando le vostre generalit\u00e0, il pagamento che preferite, e naturalmente il prodotto prescelto. Dopo aver compilato il modulo cliccate sul tasto INVIA e immediatamente l&#8217;ordine verr\u00e0 trasmesso al nostro server.<\/p>\n\n\n\n<p><strong>3. CONFERMA D&#8217;ORDINE<\/strong><\/p>\n\n\n\n<p>Tutti gli ordini effettuati tramite Internet verranno evasi solo dopo la conferma di un nostro responsabile (trasmessa esclusivamente via e-mail). Inchiostroxte.it \u00ae ha il diritto di annullare o differire, in tutto o in parte, ordinazioni a seguito di sopravvenuta impossibilit\u00e0 di fornitura dovuta a cause di forza maggiore che dovessero verificarsi presso nostri fornitori. Tali eventualit\u00e0 ci sollevano da obblighi precedentemente assunti con l&#8217;accettazione dell&#8217;ordine ed escludono qualsiasi richiesta di risarcimento di danni nei nostri confronti sia diretta che in via di rivalsa. Salvo contraria pattuizione, i termini di consegna devono intendersi come indicativi e non impegnano Inchiostroxte.it \u00ae. Inchiostroxte.it \u00ae non \u00e8 tenuta a corrispondere indennit\u00e0 di sorta per eventuali danni diretti o indiretti dovuti a ritardi di consegna o a interruzione o risoluzione parziale o totale della fornitura.<\/p>\n\n\n\n<p><strong>4. CONSEGNA MERCE<\/strong><\/p>\n\n\n\n<p>La consegna verr\u00e0 effettuata su tutto il territorio italiano solo ed esclusivamente con un mezzo corriere scelto da Inchiostroxte.it \u00ae secondo una valutazione di opportunit\u00e0 e convenienza. La consegna con corriere avviene in porto assegnato direttamente a casa vostra, generalmente dalle 48 alle 96 ore dalla spedizione. Insieme alla merce vengono inviati i documenti di i garanzia emessi dal Produttore, da conservare con cura. Ci raccomandiamo di controllare il numero e il buono stato dei colli, in caso contrario la contestazione va fatta immediatamente al corriere. La merce viaggia per conto e a rischio del committente anche nel caso di vendita per speciali accordi a franco destino. In caso di manomissione, avarie, ammanchi, ecc. sar\u00e0 cura del destinatario far redigere, prima del ritiro della merce ed in presenza del vettore, regolare verbale di accettazione delle eventuali irregolarit\u00e0 riscontrate e dei danni subiti. Reclami relativi alla spedizione o consegna della merce ed alla sua qualit\u00e0 e quantit\u00e0, dovranno essere tassativamente effettuati entro e non oltre 8 giorni dalla data di arrivo della merce. In caso di reclamo per ammanchi o avarie dei prodotti, gli stessi saranno accettati solo se accompagnati da copia della bolla di consegna sulla quale compariranno le riserve fatte al trasportatore all&#8217;atto del ricevimento della spedizione. Reclami riguardanti le fatture dovranno essere tassativamente comunicati entro e non oltre quindici giorni dalla data di arrivo del documento. Inchiostroxte.it \u00ae non sar\u00e0 ritenuta responsabile per i risultati che i clienti abbiano ad ottenere adoperando merci a loro vendute. Eventuali reclami o contestazioni riguardanti una singola consegna di merce non esonerano l&#8217;acquirente dall&#8217;obbligo di ritirare la restante quantit\u00e0 di merce entro i limiti dell&#8217;ordinazione o dell&#8217;impegno assunto. L&#8217;acquirente rinuncia a proporre eccezioni senza aver preventivamente adempiuto alle proprie obbligazioni.<\/p>\n\n\n\n<p><strong>5. TRASPORTO<\/strong><\/p>\n\n\n\n<p>La spedizione potr\u00e0 avvenire con i Corriere Espressi SDA, GLS e BARTOLINI che garantiscono la consegna in 3\/6 giorni lavorativi dall&#8217;acquisto sulla Nostra piattaforma online.<br>( Il sabato e la Domenica sono esclusi dal conteggio )<br>Esempio:<br>Acquisto Luned\u00ec, partenza marted\u00ec &#8211; consegna prevista per gioved\u00ec\/venerd\u00ec o luned\u00ec settimana successiva a secondo del luogo di arrivo.<\/p>\n\n\n\n<p>Il costo del trasporto verr\u00e0 addebitato al cliente e varia secondo l\u2019importo dell\u2019ordine come indicato nel riepilogo dello stesso.<\/p>\n\n\n\n<p><strong>6. PAGAMENTI<\/strong><\/p>\n\n\n\n<p>Il minimo ordine acquistabile \u00e8 di<strong> \u20ac 30,00 Iva 22% Inclusa<\/strong><\/p>\n\n\n\n<p>Le forme di pagamento stipulate sono le seguenti:<br>a) Contrassegno al ricevimento della merce<br>b) Bonifico Bancario anticipato<br>c) Carta di credito<br>d) Paypal<\/p>\n\n\n\n<p><strong>7. DIRITTO DI RECESSO<\/strong><\/p>\n\n\n\n<p>La vendita via Internet rientra in quelle definite &#8220;a distanza&#8221; per le quali il Dlgs 206\/2005 prevede la possibilit\u00e0 dell&#8217;acquirente di esercitare il diritto di recesso. Il diritto di recesso pu\u00f2 essere applicato solo alle persone fisiche che acquistano per scopi diversi dalla propria attivit\u00e0. L&#8217;acquirente pu\u00f2 esercitare il diritto di recesso entro 10 giorni dal ricevimento della merce, con raccomandata con avviso di ricevimento e, sempre entro 10 giorni, restituire il bene acquistato dal venditore, a Inchiostroxte.it \u00ae Via Serradifalco, 151 90145 Palermo, ricevendone il rimborso del prezzo di acquisto entro 30 giorni dal ricevimento della raccomandata del consumatore. La comunicazione pu\u00f2 essere inviata, entro lo stesso termine, anche mediante telegramma o fax (al numero 0916825032), a condizione che sia confermata mediante lettera raccomandata con avviso di ricevimento entro le 48 ore successive. Tale comunicazione deve contenere i codici dei prodotti che si intende restituire a Inchiostroxte.it \u00ae Via Serradifalco, 151 90145 Palermo il rimborso verr\u00e0 effettuato entro 30 giorni, nonch\u00e9 indicazioni sulle modalit\u00e0 di rimborso della spesa sostenuta (vaglia, bonifico, etc.) ed eventuali coordinate bancarie. I prodotti oggetto di ripensamento dovranno essere restituiti a cura del consumatore, in condizioni di sostanziale integrit\u00e0, al medesimo indirizzo utilizzato per la raccomandata. Una volta ricevuta la merce e verificatane l&#8217;integrit\u00e0 provvederemo, nel pi\u00f9 breve tempo possibile, ad accreditare al cliente il costo dei prodotti restituiti, trattenendo, ove necessario, l&#8217;importo delle spese di spedizione che resteranno comunque a carico del cliente.<\/p>\n\n\n\n<p><strong>8. GARANZIE<\/strong><\/p>\n\n\n\n<p>Tutti i prodotti presenti sul Ns. sito hanno il periodo di garanzia di legge espresso direttamente dal Produttore che varia da 36 a 24 mesi.<br>I prodotti consumabili, toner e cartucce, per la loro tipologia godono di una garanzia extra.<br>Nel caso all&#8217;arrivo risultassero non funzionanti, verranno sostituiti.<\/p>\n\n\n\n<p>Termini legali del sito Inchiostroxte.it \u00ae<\/p>\n\n\n\n<p>Accedendo al Sito Inchiostroxte.it \u00ae, registrandosi, usando o scaricando qualunque materiale in esso contenuto, l&#8217;utente accetta di attenersi in modo vincolante ai termini e alle condizioni qui riportati. Qualora non accetti detti termini, l&#8217;utente \u00e8 pregato di non usare questo Sito.<br>Disposizioni generali d&#8217;uso<\/p>\n\n\n\n<p>Tutto il materiale presente su questo Sito, inclusi in via non esclusiva informazioni, documenti, prodotti, logotipi, grafica, suoni, immagini, e servizi (&#8220;Materiale&#8221;) viene messo a disposizione da Inchiostroxte.it \u00ae o dai rispettivi produttori, autori, sviluppatori e venditori (&#8220;Altri Fornitori&#8221;) e costituisce un&#8217;opera soggetta a copyright della Inchiostroxte.it \u00ae e\/o degli Altri Fornitori. Fatta eccezione per quanto stabilito nel presente documento, nessun materiale potr\u00e0 essere copiato, riprodotto, distribuito, ristampato, scaricato, visualizzato, pubblicato o trasmesso in qualunque forma o mezzo, inclusi, in via non esclusiva, procedimenti elettronici, meccanici, fotocopie, registrazioni o altri mezzi senza il preventivo consenso scritto della Inchiostroxte.it \u00ae o dell&#8217;Altro Fornitore. L&#8217;utente non potr\u00e0 altres\u00ec riportare qualunque Materiale contenuto su questo Sito su altri server senza il preventivo consenso scritto da Inchiostroxte.it \u00ae. Fatta eccezione per quanto espressamente stabilito diversamente dalla Inchiostroxte.it \u00ae, nessun elemento presente su questo Sito potr\u00e0 essere ritenuto atto a conferire licenze relative ai diritti di propriet\u00e0 intellettuale della Inchiostroxte.it \u00ae o degli Altri Fornitori, sia per preclusione, induzione o altrimenti. Il Materiale messo a disposizione da Altri Fornitori non \u00e8 stato in tutto o in parte esaminato, verificato, certificato o autenticato in modo indipendente dalla Inchiostroxte.it \u00ae. Con il presente documento, la Inchiostroxte.it \u00ae autorizza l&#8217;utente a visualizzare, copiare, distribuire e scaricare il Materiale Inchiostroxte.it \u00ae presente su questo Sito a condizione che l&#8217;uso di tale Materiale sia esclusivamente personale, non commerciale e informativo e non venga copiato o visualizzato su computer collegati in rete, trasmesso con qualunque mezzo o usato per scopo di lucro. Qualunque uso non autorizzato del Materiale contenuto su questo Sito potrebbe violare le leggi sul copyright e sui marchi di fabbrica, le leggi relative alla riservatezza e alla pubblicit\u00e0 e normative e statuti disciplinanti le forme di comunicazione.<\/p>\n\n\n\n<p><strong>Link a siti di terzi<\/strong><\/p>\n\n\n\n<p>Il Sito potrebbe contenere link ad altri siti non controllati dalla Inchiostroxte.it \u00ae. Quest&#8217;ultima non ne \u00e8 responsabile e non avalla o accetta alcuna responsabilit\u00e0 in merito al contenuto o all&#8217;uso di questi siti di terzi. La Inchiostroxte.it \u00ae mette a disposizione questi link come agevolazione e il loro inserimento non implica, da parte della Inchiostroxte.it \u00ae stessa, l&#8217;approvazione del sito collegato. \u00c8 responsabilit\u00e0 dell&#8217;utente prendere ogni necessaria precauzione per assicurare che qualunque oggetto si scelga di usare sia esente da virus o elementi di natura distruttiva.<\/p>\n\n\n\n<p><strong>Limitazione di responsabilit\u00e0<\/strong><\/p>\n\n\n\n<p>La Inchiostroxte.it \u00ae e non sar\u00e0 in alcun caso responsabile di qualunque danno diretto o indiretto, punitivo, particolare, incidentale o emergente (inclusa, in via non esclusiva, la perdita di attivit\u00e0, reddito, guadagno, uso, dati o altro vantaggio economico), in qualunque modo si verifichi, per azione derivante da o connessa all&#8217;uso o all&#8217;esito delle informazioni disponibili su questo Sito, anche qualora la Inchiostroxte.it \u00ae sia stata preventivamente informata della possibilit\u00e0 del verificarsi di tale danno. L&#8217;utente accetta di sollevare la Inchiostroxte.it \u00ae da qualunque richiesta di risarcimento che si basi o si ponga in relazione all&#8217;uso del Sito e di non citarla in giudizio per tali motivazioni.<\/p>\n\n\n\n<p><strong>Disposizioni di legge locali; controllo delle esportazioni<\/strong><\/p>\n\n\n\n<p>La Inchiostroxte.it \u00ae controlla e gestisce questo Sito dalle sue sedi situate in varie localit\u00e0 in Italia e non garantisce che il materiale sia idoneo o disponibile per l&#8217;uso in altri luoghi. Qualora usi questo Sito da altre localit\u00e0, l&#8217;utente sar\u00e0 responsabile dell&#8217;osservanza delle leggi locali in vigore inclusa, in via non esclusiva, la normativa in materia di importazioni ed esportazioni delle varie nazioni. Qualora non espressamente stabilito diversamente, tutto il materiale di marketing o promozionale presente su questo Sito \u00e8 diretto esclusivamente a individui, societ\u00e0 e altri enti situati in Italia. L&#8217;utente riconosce e accetta il fatto che il materiale \u00e8 soggetto alle leggi e alla normativa in materia di esportazioni italiane. E&#8217; proibito il trasferimento di tale materiale in violazione delle leggi italiane. Nessun materiale, n\u00e9 alcun prodotto da esso derivante, verr\u00e0 inviato, trasferito o riesportato, direttamente o indirettamente, per nazioni soggette a sanzioni o embargo o per i loro cittadini.<\/p>\n\n\n\n<p><strong>Aspetti generali<\/strong><\/p>\n\n\n\n<p>Questo Sito pu\u00f2 presentare inesattezze o errori tipografici. La Inchiostroxte.it \u00ae o gli Altri Fornitori potranno effettuare interventi migliorativi o modifiche a prodotti, servizi, programmi e prezzi descritti in questo Sito in qualunque momento e senza preavviso. La Inchiostroxte.it \u00ae potr\u00e0 apportare modifiche periodiche al Sito. Qualunque azione relativa a questi Termini sar\u00e0 disciplinata dalle leggi italiane. Questi Termini rappresentano in toto l&#8217;accordo relativo all&#8217;uso del Sito e prevalgono su qualunque comunicazione precedente o contemporanea, discordante o integrativa. La Inchiostroxte.it \u00ae si riserva il diritto di rivedere questi Termini in qualunque momento senza preavviso aggiornando la presente pubblicazione. Qualunque diritto non espressamente conferito nel presente documento \u00e8 riservato alla Inchiostroxte.it \u00ae.<\/p>\n\n\n\n<p><strong>Comunicazioni di propriet\u00e0 intellettuale<\/strong><\/p>\n\n\n\n<p>Alcuni elementi di questo Sito sono protetti da disposizioni in materia di immagine, propriet\u00e0 intellettuale e altre leggi e non potranno essere copiati o imitati in tutto o in parte. Nessun logotipo, elemento grafico, suono o immagine di questo Sito potr\u00e0 essere copiato o ritrasmesso se non previa espressa autorizzazione della Inchiostroxte.it \u00ae. Inchiostroxte.it \u00ae, il logotipo Inchiostroxte.it \u00ae, e\/o altri marchi o denominazioni Inchiostroxte.it \u00ae qui citati sono marchi della Inchiostroxte.it \u00ae. Tutti gli altri nomi di prodotti e aziende, marchi, logotipi e simboli possono essere marchi di fabbrica dei rispettivi proprietari.<\/p>\n\n\n\n<p><strong>Informazioni per contattare l&#8217;ufficio legale<\/strong><\/p>\n\n\n\n<p>Per qualunque quesito in merito ai presenti Termini, o qualora si desideri chiedere un&#8217;autorizzazione all&#8217;uso del Materiale, contattare l&#8217;Ufficio Legale della Dur. In. Com. S.a.s. di Durante Alessandro &amp; C. con sede Legale in Via Serradifalco, 151 &#8211; 90145 Palermo &#8211; Tel\/Fax.0916825032<\/p>\n\n\n\n<p><strong>Trattamento dei dati &#8211; D. Lgs. 196 giugno 2003<\/strong><\/p>\n\n\n\n<p>Nel rispetto della normativa sulla privacy, ora raccolta nel D. Lgs. 30 giugno 2003, n. 196 (Codice in materia di protezione dei dati personali), viene fornita ogni utile informazione relativa al trattamento dei dati personali, dei quali si garantisce la sicurezza e la riservatezza anche qualora il trattamento avvenga attraverso canali telematici o innovativi. La normativa vigente impone una maggior attenzione ai sistemi di raccolta, catalogazione e mantenimento dei dati personali, suddividendo tra l&#8217;altro il livello tra dati identificativi e i dati sensibili. Questi ultimi sono quelli idonei a rivelare l&#8217;origine razziale ed etnica, le convinzioni religiose, filosofiche o di altro genere, le opinioni politiche, l&#8217;adesione a partiti, sindacati, associazioni od organizzazioni a carattere religioso, filosofico, politico o sindacale, nonch\u00e9&#8217; i dati personali idonei a rivelare lo stato di salute e la vita sessuale. Questi dati non vengono da noi chiesti, n\u00e9 direttamente n\u00e9 indirettamente e nel caso fossero casualmente indicati al momento della registrazione e della raccolta dei dati personali, anche per volont\u00e0 dell&#8217;interessato, non verranno in nessun modo registrati o mantenuti. In particolare, ogni interessato pu\u00f2 rivolgersi all&#8217;ufficio che Inchiostroxte.it \u00ae ha preposto, nella modalit\u00e0 in fondo indicate per ottenere, tra l&#8217;altro, conferma circa l&#8217;esistenza o meno del trattamento di propri dati personali nonch\u00e9 per ottenere indicazioni circa l&#8217;origine, le finalit\u00e0 e le modalit\u00e0 del trattamento stesso; egli ha inoltre diritto di chiedere la cancellazione, la trasformazione in forma anonima o il blocco dei dati trattati in violazione di legge nonch\u00e9 l&#8217;aggiornamento, la rettificazione o, se vi \u00e8 interesse, l&#8217;integrazione dei dati. Gli interessati possono altres\u00ec opporsi al trattamento a fini di invio di materiale pubblicitario o di vendita diretta o per il compimento di ricerche di mercato o di comunicazione commerciale. Nello specifico, si precisa che i dati raccolti in questo sito, servono esclusivamente a garantire l&#8217;operativit\u00e0 delle funzioni concesse dal sito stesso e per le finalit\u00e0 per i quali i dati sono stati concessi, quindi anche quelle del normale rapporto commerciale e comunicazionale. Ne consegue che il conferimento del consenso al trattamento di tali dati \u00e8 necessario a tal fine. In caso di rifiuto o successiva cancellazione, potr\u00e0 non essere possibile garantire la continua fruizione dei servizi offerti al momento della registrazione. Inchiostroxte.it \u00ae ha recepito la normativa anche in riferimento al punto relativa alla sicurezza dei dati. I dati personali oggetto di trattamento sono custoditi e controllati, anche in relazione alle conoscenze acquisite in base al progresso tecnico, alla natura dei dati e alle specifiche caratteristiche del trattamento, in modo da ridurre al minimo, mediante l&#8217;adozione di idonee e preventive misure di sicurezza, i rischi di distruzione o perdita, anche accidentale, dei dati stessi, di accesso non autorizzato o di trattamento non consentito o non conforme alle finalit\u00e0 della raccolta. Ogni richiesta di informazioni in materia di protezione dei dati personali pu\u00f2 essere rivolta, in modo esplicito anche se in via informale a: &#8211; Inchiostroxte.it \u00ae Via Serradifalco, 151 &#8211; 90145 Palermo &#8211; all&#8217;indirizzo info@Inchiostroxte.it\u00a0 Titolare del trattamento \u00e8 Inchiostroxte.it \u00ae con sede legale in Via Serradifalco, 151 &#8211; 90145 Palermo.<\/p>\n\n\n\n<p><strong>9. COOKIE POLICY<\/strong><\/p>\n\n\n\n<p>Cosa sono i cookie<\/p>\n\n\n\n<p>I cookie sono piccoli file di testo che i siti visitati dagli utenti inviano ai loro terminali, dove vengono memorizzati per essere ritrasmessi agli stessi siti in occasione di visite successive. I cookie sono utilizzati per diverse finalit\u00e0, hanno caratteristiche diverse, e possono essere utilizzati sia dal titolare del sito che si sta visitando, sia da terze parti. Il Sito potrebbe contenere collegamenti ad altri siti Web che dispongono di una propria informativa sulla privacy che pu\u00f2 essere diversa da quella adottata da Inchiostroxte.it \u00ae e che quindi non risponde di questi siti. Di seguito troverai tutte le informazioni sui cookie installati attraverso questo sito, e le indicazioni necessarie su come gestire le tue preferenze riguardo ad essi.<br>Cookie tecnici che non richiedono consenso, quindi relativi ad attivit\u00e0 strettamente necessarie al funzionamento del sito e all\u2019erogazione del servizio<\/p>\n\n\n\n<p>Questi cookie sono necessari al corretto funzionamento del sito. Consentono la navigazione delle pagine, l\u2019accesso al servizio tramite login. Senza questi cookie non potremmo fornire i servizi per i quali gli utenti accedono al sito. Qui un elenco dei cookie utilizzati, i cookie effettivamente impostati possono cambiare da un momento all&#8217;altro.<\/p>\n\n\n\n<figure class=\"wp-block-table\"><table><tbody><tr><th>Dominio<\/th><th>Nome<\/th><th>Descrizione<\/th><\/tr><tr><td>Inchiostroxte.it<\/td><td>CAKEPHP<\/td><td>Indispensabile &#8211; cookie necessario per utilizzare l&#8217;applicazione Inchiostroxte.it \u00ae<\/td><\/tr><tr><td>Inchiostroxte.it<\/td><td>__utma<\/td><td>Google Analytics, piattaforma di statistiche sul traffico web<\/td><\/tr><tr><td>Inchiostroxte.it<\/td><td>__utmz<\/td><td>Google Analytics, piattaforma di statistiche sul traffico web<\/td><\/tr><tr><td>Inchiostroxte.it<\/td><td>cb-enabled<\/td><td>Indispensabile &#8211; cookie necessario per utilizzare l&#8217;applicazione Inchiostroxte.it \u00ae<\/td><\/tr><tr><td>Inchiostroxte.it<\/td><td>toolbarDisplay<\/td><td>Indispensabile &#8211; cookie necessario per utilizzare l&#8217;applicazione Inchiostroxte.it \u00ae<\/td><\/tr><tr><td>Inchiostroxte.it<\/td><td>Inchiostroxte<\/td><td>Indispensabile &#8211; cookie necessario per utilizzare l&#8217;applicazione Inchiostroxte.it \u00ae<\/td><\/tr><tr><td>Facebook.com<\/td><td>_js_reg_fb_gate<\/td><td>Facebook, accesso tramite Facebook Connect e\/o condivisione contenuti<\/td><\/tr><tr><td>Facebook.com<\/td><td>_js_reg_fb_ref<\/td><td>Facebook, accesso tramite Facebook Connect e\/o condivisione contenuti<\/td><\/tr><tr><td>Facebook.com<\/td><td>datr<\/td><td>Facebook, accesso tramite Facebook Connect e\/o condivisione contenuti<\/td><\/tr><tr><td>Facebook.com<\/td><td>fr<\/td><td>Facebook, accesso tramite Facebook Connect e\/o condivisione contenuti<\/td><\/tr><tr><td>Facebook.com<\/td><td>reg_ext_ref<\/td><td>Facebook, accesso tramite Facebook Connect e\/o condivisione contenuti<\/td><\/tr><tr><td>Facebook.com<\/td><td>locale<\/td><td>Facebook, accesso tramite Facebook Connect e\/o condivisione contenuti<\/td><\/tr><tr><td>Facebook.com<\/td><td>lu<\/td><td>Facebook, accesso tramite Facebook Connect e\/o condivisione contenuti<\/td><\/tr><\/tbody><\/table><\/figure>\n\n\n\n<p>Rinuncia ai cookie<\/p>\n\n\n\n<p>In caso di preoccupazioni sull&#8217;utilizzo dei cookie, \u00e8 possibile intervenire e impedirne l&#8217;impostazione, ad esempio modificando la configurazione del browser per bloccarne determinati tipi. Per informazioni dettagliate sulla procedura necessaria \u00e8 possibile consultare la guida del browser. Per una panoramica dei browser pi\u00f9 comuni, visitare l&#8217;indirizzo:<br><a href=\"http:\/\/www.cookiepedia.co.uk\/index.php?title=How_to_Manage_Cookies\" target=\"_blank\" rel=\"noreferrer noopener\">http:\/\/www.cookiepedia.co.uk\/index.php?title=How_to_Manage_Cookies<\/a> oppure <a href=\"http:\/\/www.aboutcookies.org\/\" target=\"_blank\" rel=\"noreferrer noopener\">http:\/\/www.aboutcookies.org\/<\/a><br>Le societ\u00e0 pubblicitarie consentono inoltre di rinunciare alla ricezione di annunci mirati, se lo si desidera. Ci\u00f2 non impedisce l&#8217;impostazione dei cookie, ma interrompe l&#8217;utilizzo e la raccolta di alcuni dati da parte di tali societ\u00e0.<br>Per maggiori informazioni e possibilit\u00e0 di rinuncia, visitare l&#8217;indirizzo <a href=\"http:\/\/www.youronlinechoices.eu\/\" target=\"_blank\" rel=\"noreferrer noopener\">http:\/\/www.youronlinechoices.eu\/<\/a><\/p>\n","protected":false},"excerpt":{"rendered":"<p>1. VALIDITA&#8217; Queste condizioni regolano la vendita e la fornitura di prodotti da parte di Inchiostroxte.it \u00ae con sede in Palermo, Italia. Inchiostroxte.it \u00ae pu\u00f2 modificare queste condizioni in futuro; nel caso, ne sarete informati tempestivamente con un avviso che verr\u00e0 pubblicato sul nostro sito. 2. COME ACQUISTARE Da oggi fare acquisti su Inchiostroxte.it \u00ae &hellip;<\/p>\n<p class=\"read-more\"> <a class=\" thunk-readmore button \" href=\"https:\/\/pcxte.it\/?page_id=948\"> <span class=\"screen-reader-text\">Termini &#038; Condizioni<\/span>Read More<\/a><\/p>\n","protected":false},"author":1,"featured_media":0,"parent":0,"menu_order":0,"comment_status":"closed","ping_status":"closed","template":"","meta":{"footnotes":""},"class_list":["post-948","page","type-page","status-publish","hentry","thunk-woo-product-list","opn-qv-enable","open-woo-hover-","open-single-product-tab-horizontal","open-shadow-","open-shadow-hover-"],"_links":{"self":[{"href":"https:\/\/pcxte.it\/index.php?rest_route=\/wp\/v2\/pages\/948","targetHints":{"allow":["GET"]}}],"collection":[{"href":"https:\/\/pcxte.it\/index.php?rest_route=\/wp\/v2\/pages"}],"about":[{"href":"https:\/\/pcxte.it\/index.php?rest_route=\/wp\/v2\/types\/page"}],"author":[{"embeddable":true,"href":"https:\/\/pcxte.it\/index.php?rest_route=\/wp\/v2\/users\/1"}],"replies":[{"embeddable":true,"href":"https:\/\/pcxte.it\/index.php?rest_route=%2Fwp%2Fv2%2Fcomments&post=948"}],"version-history":[{"count":0,"href":"https:\/\/pcxte.it\/index.php?rest_route=\/wp\/v2\/pages\/948\/revisions"}],"wp:attachment":[{"href":"https:\/\/pcxte.it\/index.php?rest_route=%2Fwp%2Fv2%2Fmedia&parent=948"}],"curies":[{"name":"wp","href":"https:\/\/api.w.org\/{rel}","templated":true}]}}