{"id":365,"date":"2022-10-06T14:18:15","date_gmt":"2022-10-06T14:18:15","guid":{"rendered":"http:\/\/127.0.0.1\/wordpress\/prodotto\/kit-4-inchiostri-compatibile-per-epson-universale-400ml\/"},"modified":"2022-10-06T14:18:15","modified_gmt":"2022-10-06T14:18:15","slug":"kit-4-inchiostri-compatibile-per-epson-universale-400ml","status":"publish","type":"product","link":"https:\/\/pcxte.it\/?product=kit-4-inchiostri-compatibile-per-epson-universale-400ml","title":{"rendered":"KIT 4 INCHIOSTRI COMPATIBILE PER EPSON UNIVERSALE 400ML"},"content":{"rendered":"<p><strong>Kit 4 Inchiostri Compatibile Nero e Colore per Epson Universale<\/strong><\/p>\n<p>Compatibile per Tutte le Stampanti Epson.<\/p>\n<p>Descrizione : 01 Inchiostro Compatibile EPSON Nero da 100 ml.,\u00a001 Inchiostro Compatibile EPSON Giallo da 100 ml.,\u00a001 Inchiostro Compatibile EPSON Magenta da 100 ml.,\u00a001 Inchiostro Compatibile EPSON Ciano da 100 ml.<\/p>\n","protected":false},"excerpt":{"rendered":"<p><strong>Kit 4 Inchiostri Compatibile Nero e Colore per Epson Universale<\/strong><\/p>\n<p>Compatibile per Tutte le Stampanti Epson.<\/p>\n<p><strong>Il Significato dell&#8217;Inchiostro Dye Base:<\/strong><\/p>\n<p>Gli inchiostri dye-based (detto anche inchiostro a base d&#8217;acqua) arrecano meno problemi alla stampante, sono pi\u00f9 economici, per\u00f2 il colore \u00e8 pi\u00f9 sensibile ai raggi ultravioletti e quindi, se le foto sono esposte alla luce del sole tendono a sbiadire, se non si deve stampare foto artistiche che durano nel tempo e che spesso la stampante rimane inutilizzata per settimane \u00e8 consigliabile optare per i dye-based.<\/p>\n<p><strong>Contenuto:<\/strong> 1 Nero 100ml, 1 Ciano 100ml, 1 Magenta 100ml, 1 Giallo 100ml, Guanti + Siringhe.<\/p>\n","protected":false},"featured_media":364,"comment_status":"closed","ping_status":"closed","template":"","meta":[],"product_cat":[184,37,39,347,42],"product_tag":[],"class_list":{"0":"post-365","1":"product","2":"type-product","3":"status-publish","4":"has-post-thumbnail","6":"product_cat-inchiostri-universali-100ml","7":"product_cat-inchiostri-compatibili","8":"product_cat-inchiostri-universali","9":"product_cat-inchiostro-comp-le-100ml","10":"product_cat-inchiostro-compatibile-epson","11":"thunk-woo-product-list","12":"opn-qv-enable","13":"open-woo-hover-","14":"open-single-product-tab-horizontal","15":"open-shadow-","16":"open-shadow-hover-","18":"first","19":"outofstock","20":"sale","21":"taxable","22":"shipping-taxable","23":"purchasable","24":"product-type-simple"},"_links":{"self":[{"href":"https:\/\/pcxte.it\/index.php?rest_route=\/wp\/v2\/product\/365","targetHints":{"allow":["GET"]}}],"collection":[{"href":"https:\/\/pcxte.it\/index.php?rest_route=\/wp\/v2\/product"}],"about":[{"href":"https:\/\/pcxte.it\/index.php?rest_route=\/wp\/v2\/types\/product"}],"replies":[{"embeddable":true,"href":"https:\/\/pcxte.it\/index.php?rest_route=%2Fwp%2Fv2%2Fcomments&post=365"}],"wp:featuredmedia":[{"embeddable":true,"href":"https:\/\/pcxte.it\/index.php?rest_route=\/wp\/v2\/media\/364"}],"wp:attachment":[{"href":"https:\/\/pcxte.it\/index.php?rest_route=%2Fwp%2Fv2%2Fmedia&parent=365"}],"wp:term":[{"taxonomy":"product_cat","embeddable":true,"href":"https:\/\/pcxte.it\/index.php?rest_route=%2Fwp%2Fv2%2Fproduct_cat&post=365"},{"taxonomy":"product_tag","embeddable":true,"href":"https:\/\/pcxte.it\/index.php?rest_route=%2Fwp%2Fv2%2Fproduct_tag&post=365"}],"curies":[{"name":"wp","href":"https:\/\/api.w.org\/{rel}","templated":true}]}}