{"id":500,"date":"2022-10-06T14:19:16","date_gmt":"2022-10-06T14:19:16","guid":{"rendered":"http:\/\/127.0.0.1\/wordpress\/prodotto\/kit-4-inchiostro-compatibile-canon-universale-4-litri\/"},"modified":"2022-10-06T14:19:16","modified_gmt":"2022-10-06T14:19:16","slug":"kit-4-inchiostro-compatibile-canon-universale-4-litri","status":"publish","type":"product","link":"https:\/\/pcxte.it\/?product=kit-4-inchiostro-compatibile-canon-universale-4-litri","title":{"rendered":"KIT 4 INCHIOSTRO COMPATIBILE CANON UNIVERSALE 4 LITRI"},"content":{"rendered":"<p><strong>Inchiostro Compatibile Canon\u00a0Universale 4 litri<\/strong><\/p>\n<p>Compatibile per Tutte le Stampanti Canon:<\/p>\n<p><strong>Il Significato dell&#8217;Inchiostro Dye Base:<\/strong><\/p>\n<p>Gli inchiostri dye-based (detto anche inchiostro a base d&#8217;acqua) arrecano meno problemi alla stampante, sono pi\u00f9 economici, per\u00f2 il colore \u00e8 pi\u00f9 sensibile ai raggi ultravioletti e quindi, se le foto sono esposte alla luce del sole tendono a sbiadire, se non si deve stampare foto artistiche che durano nel tempo e che spesso la stampante rimane inutilizzata per settimane \u00e8 consigliabile optare per i dye-based.<\/p>\n","protected":false},"excerpt":{"rendered":"<p><strong>Inchiostro Compatibile Canon\u00a0Universale 4 litri<\/strong><\/p>\n<p>Compatibile per Tutte le Stampanti Canon:<\/p>\n<p><strong>Il Significato dell&#8217;Inchiostro Dye Base:<\/strong><\/p>\n<p>Gli inchiostri dye-based (detto anche inchiostro a base d&#8217;acqua) arrecano meno problemi alla stampante, sono pi\u00f9 economici, per\u00f2 il colore \u00e8 pi\u00f9 sensibile ai raggi ultravioletti e quindi, se le foto sono esposte alla luce del sole tendono a sbiadire, se non si deve stampare foto artistiche che durano nel tempo e che spesso la stampante rimane inutilizzata per settimane \u00e8 consigliabile optare per i dye-based.<\/p>\n<p><strong>Contenuto:<\/strong> 1 Litro Nero, 1 Litro Ciano, 1 Litro Magenta, 1 Litro Giallo, Guanti e Siringhe.<\/p>\n","protected":false},"featured_media":499,"comment_status":"closed","ping_status":"closed","template":"","meta":[],"product_cat":[37,342,41],"product_tag":[],"class_list":{"0":"post-500","1":"product","2":"type-product","3":"status-publish","4":"has-post-thumbnail","6":"product_cat-inchiostri-compatibili","7":"product_cat-inchiostro-comp-le-1-litro-inchiostro-compatibile-canon","8":"product_cat-inchiostro-compatibile-canon","9":"thunk-woo-product-list","10":"opn-qv-enable","11":"open-woo-hover-","12":"open-single-product-tab-horizontal","13":"open-shadow-","14":"open-shadow-hover-","16":"first","17":"outofstock","18":"sale","19":"taxable","20":"shipping-taxable","21":"purchasable","22":"product-type-simple"},"_links":{"self":[{"href":"https:\/\/pcxte.it\/index.php?rest_route=\/wp\/v2\/product\/500","targetHints":{"allow":["GET"]}}],"collection":[{"href":"https:\/\/pcxte.it\/index.php?rest_route=\/wp\/v2\/product"}],"about":[{"href":"https:\/\/pcxte.it\/index.php?rest_route=\/wp\/v2\/types\/product"}],"replies":[{"embeddable":true,"href":"https:\/\/pcxte.it\/index.php?rest_route=%2Fwp%2Fv2%2Fcomments&post=500"}],"wp:featuredmedia":[{"embeddable":true,"href":"https:\/\/pcxte.it\/index.php?rest_route=\/wp\/v2\/media\/499"}],"wp:attachment":[{"href":"https:\/\/pcxte.it\/index.php?rest_route=%2Fwp%2Fv2%2Fmedia&parent=500"}],"wp:term":[{"taxonomy":"product_cat","embeddable":true,"href":"https:\/\/pcxte.it\/index.php?rest_route=%2Fwp%2Fv2%2Fproduct_cat&post=500"},{"taxonomy":"product_tag","embeddable":true,"href":"https:\/\/pcxte.it\/index.php?rest_route=%2Fwp%2Fv2%2Fproduct_tag&post=500"}],"curies":[{"name":"wp","href":"https:\/\/api.w.org\/{rel}","templated":true}]}}