{"id":525,"date":"2022-10-06T14:19:26","date_gmt":"2022-10-06T14:19:26","guid":{"rendered":"http:\/\/127.0.0.1\/wordpress\/prodotto\/inchiostro-compatibile-brother-magenta-universale-1-litro\/"},"modified":"2022-10-06T14:19:26","modified_gmt":"2022-10-06T14:19:26","slug":"inchiostro-compatibile-brother-magenta-universale-1-litro","status":"publish","type":"product","link":"https:\/\/pcxte.it\/?product=inchiostro-compatibile-brother-magenta-universale-1-litro","title":{"rendered":"INCHIOSTRO COMPATIBILE BROTHER MAGENTA UNIVERSALE 1 LITRO"},"content":{"rendered":"<p><strong>Inchiostro Compatibile Magenta\u00a01 Litro.<\/strong><\/p>\n<p>Compatibile per Tutte le Stampanti BROTHER.<\/p>\n<p><strong>Il Significato dell&#8217;Inchiostro Dye Base:<\/strong><\/p>\n<p>Gli inchiostri dye-based (detto anche inchiostro a base d&#8217;acqua) arrecano meno problemi alla stampante, sono pi\u00f9 economici, per\u00f2 il colore \u00e8 pi\u00f9 sensibile ai raggi ultravioletti e quindi, se le foto sono esposte alla luce del sole tendono a sbiadire, se non si deve stampare foto artistiche che durano nel tempo e che spesso la stampante rimane inutilizzata per settimane \u00e8 consigliabile optare per i dye-based.<\/p>\n<p><span style=\"line-height: 1.5;\"><strong>Contenuto:<\/strong> 1 Bottiglia da 1 Litro Nero\u00a0+ Guanti e Siringa.<\/span><\/p>\n","protected":false},"excerpt":{"rendered":"<p><strong>Inchiostro Compatibile Magenta\u00a01 Litro.<\/strong><\/p>\n<p>Compatibile per Tutte le Stampanti BROTHER.<\/p>\n<p><strong>Il Significato dell&#8217;Inchiostro Dye Base:<\/strong><\/p>\n<p>Gli inchiostri dye-based (detto anche inchiostro a base d&#8217;acqua) arrecano meno problemi alla stampante, sono pi\u00f9 economici, per\u00f2 il colore \u00e8 pi\u00f9 sensibile ai raggi ultravioletti e quindi, se le foto sono esposte alla luce del sole tendono a sbiadire, se non si deve stampare foto artistiche che durano nel tempo e che spesso la stampante rimane inutilizzata per settimane \u00e8 consigliabile optare per i dye-based.<\/p>\n<p><span style=\"line-height: 1.5;\"><strong>Contenuto:<\/strong> 1 Bottiglia da 1 Litro Nero\u00a0+ Guanti e Siringa.<\/span><\/p>\n","protected":false},"featured_media":524,"comment_status":"closed","ping_status":"closed","template":"","meta":[],"product_cat":[37,344,40],"product_tag":[],"class_list":{"0":"post-525","1":"product","2":"type-product","3":"status-publish","4":"has-post-thumbnail","6":"product_cat-inchiostri-compatibili","7":"product_cat-inchiostro-comp-le-1-litro-inchiostro-compatibile-brother","8":"product_cat-inchiostro-compatibile-brother","9":"thunk-woo-product-list","10":"opn-qv-enable","11":"open-woo-hover-","12":"open-single-product-tab-horizontal","13":"open-shadow-","14":"open-shadow-hover-","16":"first","17":"outofstock","18":"sale","19":"taxable","20":"shipping-taxable","21":"purchasable","22":"product-type-simple"},"_links":{"self":[{"href":"https:\/\/pcxte.it\/index.php?rest_route=\/wp\/v2\/product\/525","targetHints":{"allow":["GET"]}}],"collection":[{"href":"https:\/\/pcxte.it\/index.php?rest_route=\/wp\/v2\/product"}],"about":[{"href":"https:\/\/pcxte.it\/index.php?rest_route=\/wp\/v2\/types\/product"}],"replies":[{"embeddable":true,"href":"https:\/\/pcxte.it\/index.php?rest_route=%2Fwp%2Fv2%2Fcomments&post=525"}],"wp:featuredmedia":[{"embeddable":true,"href":"https:\/\/pcxte.it\/index.php?rest_route=\/wp\/v2\/media\/524"}],"wp:attachment":[{"href":"https:\/\/pcxte.it\/index.php?rest_route=%2Fwp%2Fv2%2Fmedia&parent=525"}],"wp:term":[{"taxonomy":"product_cat","embeddable":true,"href":"https:\/\/pcxte.it\/index.php?rest_route=%2Fwp%2Fv2%2Fproduct_cat&post=525"},{"taxonomy":"product_tag","embeddable":true,"href":"https:\/\/pcxte.it\/index.php?rest_route=%2Fwp%2Fv2%2Fproduct_tag&post=525"}],"curies":[{"name":"wp","href":"https:\/\/api.w.org\/{rel}","templated":true}]}}