{"id":603,"date":"2022-10-06T14:19:50","date_gmt":"2022-10-06T14:19:50","guid":{"rendered":"http:\/\/127.0.0.1\/wordpress\/prodotto\/assistenza-remota\/"},"modified":"2023-05-22T11:53:11","modified_gmt":"2023-05-22T10:53:11","slug":"assistenza-remota","status":"publish","type":"product","link":"https:\/\/pcxte.it\/?product=assistenza-remota","title":{"rendered":"Assistenza Remota"},"content":{"rendered":"<div class=\"rtejustify align-justify\">Grazie al servizio di assistenza tecnica remota\u00a0la Ns. societ\u00e0 \u00e8\u00a0in grado di supportare i propri clienti risolvendo le diverse problematiche software che si possono incontrare\u00a0ogni giorno\u00a0con tempestivit\u00e0,\u00a0efficienza ed economia.<\/div>\n<div><\/div>\n<div>\n<p>Si pu\u00f2 utilizzare l\u2019assistenza remota per:<\/p>\n<p><em>\u2013 Rimuovere virus e malware<\/em><br \/>\n<em>\u2013 Installare driver e periferiche varie<\/em><br \/>\n<em>\u2013 Mettere in sicurezza il modem Wifi- Configurazione client di posta elettronica<\/em><br \/>\n<em>\u2013 Eseguire backup<\/em><br \/>\n<em>\u2013 Installare Antivirus e altri programmi<\/em><\/p>\n<\/div>\n<div class=\"rtejustify align-justify\"><\/div>\n<div class=\"rtejustify align-justify\">Per poter usufruire di tale assistenza il computer del cliente deve essere in grado di partire con il sistema operativo in modalit\u00e0 normale o in provvisoria e deve essere funzionante la connessione internet per poter consentire il collegamento.<\/div>\n<div class=\"rtejustify align-justify\"><\/div>\n<div class=\"rtejustify align-justify\">Il vantaggio di tale servizio \u00e8 duplice. La celerit\u00e0 di intervento permette di risolvere il problema in tempi brevissimi ed il cliente rimane comodo a casa o in ufficio senza spostarsi risparmiando tempo e denaro per raggiungere la nostra sede.<\/div>\n<div class=\"rtejustify align-justify\"><\/div>\n<div class=\"rtejustify align-justify\"><strong><br \/>\nCOME FUNZIONA<\/strong><\/div>\n<div class=\"rtejustify align-justify\"><\/div>\n<p class=\"rtejustify align-justify\">Il cliente che vuole essere assistito da remoto per qualsiasi problematica pu\u00f2 farlo seguendo questa prassi:<\/p>\n<ol>\n<li class=\"rtejustify align-justify\">Contattarci telefonicamente prima allo 0916825032 per individuare il tipo di problema ed individuare il servizio che occorre per la risoluzione del problema (installazione drivers stampanti\/scanner\/webcam, rimozione virus\/malware, installazione software applicativo, ecc.);<\/li>\n<li class=\"rtejustify align-justify\">registrarsi sul sito con i propri dati fiscali ed acquistare 1 pacchetto\u00a0di intervento, pagandolo anticipatamente tramite paypal o carta di credito;<\/li>\n<li class=\"rtejustify align-justify\">una volta effettuato l&#8217;ordine, un tecnico contatter\u00e0 telefonicamente il cliente per accordarsi sulla data in cui dovr\u00e0 essere effettuato l&#8217;intervento;<\/li>\n<li class=\"rtejustify align-justify\">nel giorno e data concordata il cliente, prima di contattarci telefonicamente,\u00a0scaricher\u00e0 ed eseguir\u00e0 nel proprio computer il programma di assistenza remota indicato dal nostro tecnico (il link per il download del programma \u00e8 disponibile pi\u00f9 sotto nella sezione software in questa pagina). Ricontatter\u00e0 poi il nostro laboratorio per fornire la coppia dei numeri &#8220;ID e PASSWORD&#8221; necessari ad autorizzare la sessione di lavoro;<\/li>\n<li class=\"rtejustify align-justify\">il nostro tecnico infine si connetter\u00e0 al Vs. PC e vedrete il cursore del mouse che si muover\u00e0 da solo sul Vs. schermo pilotato a distanza effettuando il servizio di assistenza remota. A lavoro ultimato infine si invier\u00e0 tramite email la fattura al cliente.<\/li>\n<\/ol>\n<p>&nbsp;<\/p>\n<p><strong>SOFTWARE<\/strong><\/p>\n<p class=\"rtejustify\" style=\"text-align: left;\" align=\"center\">Se utilizzate un sistema operativo Microsoft Windows (Xp, Vista, 7, 8, 10) o Mac Os oppure una distribuzione linux, per\u00a0scaricare il programma cliccare sul link\u00a0:\u00a0<strong><a href=\"https:\/\/www.teamviewer.com\/it\/\" target=\"_blank\" rel=\"noopener noreferrer\">www.teamviewer.it<\/a><\/strong><\/p>\n","protected":false},"excerpt":{"rendered":"<p>Grazie al servizio di assistenza tecnica remota\u00a0la Ns. societ\u00e0 \u00e8\u00a0in grado di supportare i propri clienti risolvendo le diverse problematiche software che si possono incontrare\u00a0ogni giorno\u00a0con tempestivit\u00e0,\u00a0efficienza ed economia. Si pu\u00f2 utilizzare l\u2019assistenza remota per: \u2013 Rimuovere virus e malware \u2013 Installare driver e periferiche varie \u2013 Mettere in sicurezza il modem Wifi- Configurazione client &hellip;<\/p>\n<p class=\"read-more\"> <a class=\" thunk-readmore button \" href=\"https:\/\/pcxte.it\/?product=assistenza-remota\"> <span class=\"screen-reader-text\">Assistenza Remota<\/span>Read More<\/a><\/p>\n","protected":false},"featured_media":602,"comment_status":"open","ping_status":"closed","template":"","meta":[],"product_cat":[203,60],"product_tag":[],"class_list":{"0":"post-603","1":"product","2":"type-product","3":"status-publish","4":"has-post-thumbnail","6":"product_cat-assistenza-tecnica","7":"product_cat-servizi","8":"thunk-woo-product-list","9":"opn-qv-enable","10":"open-woo-hover-","11":"open-single-product-tab-horizontal","12":"open-shadow-","13":"open-shadow-hover-","15":"first","16":"instock","17":"sale","18":"virtual","19":"taxable","20":"purchasable","21":"product-type-simple"},"_links":{"self":[{"href":"https:\/\/pcxte.it\/index.php?rest_route=\/wp\/v2\/product\/603","targetHints":{"allow":["GET"]}}],"collection":[{"href":"https:\/\/pcxte.it\/index.php?rest_route=\/wp\/v2\/product"}],"about":[{"href":"https:\/\/pcxte.it\/index.php?rest_route=\/wp\/v2\/types\/product"}],"replies":[{"embeddable":true,"href":"https:\/\/pcxte.it\/index.php?rest_route=%2Fwp%2Fv2%2Fcomments&post=603"}],"wp:featuredmedia":[{"embeddable":true,"href":"https:\/\/pcxte.it\/index.php?rest_route=\/wp\/v2\/media\/602"}],"wp:attachment":[{"href":"https:\/\/pcxte.it\/index.php?rest_route=%2Fwp%2Fv2%2Fmedia&parent=603"}],"wp:term":[{"taxonomy":"product_cat","embeddable":true,"href":"https:\/\/pcxte.it\/index.php?rest_route=%2Fwp%2Fv2%2Fproduct_cat&post=603"},{"taxonomy":"product_tag","embeddable":true,"href":"https:\/\/pcxte.it\/index.php?rest_route=%2Fwp%2Fv2%2Fproduct_tag&post=603"}],"curies":[{"name":"wp","href":"https:\/\/api.w.org\/{rel}","templated":true}]}}