{"id":761,"date":"2022-10-06T14:21:30","date_gmt":"2022-10-06T14:21:30","guid":{"rendered":"http:\/\/127.0.0.1\/wordpress\/prodotto\/kit-6-inchiostri-compatibile-per-epson-universale-600ml\/"},"modified":"2022-10-06T14:21:30","modified_gmt":"2022-10-06T14:21:30","slug":"kit-6-inchiostri-compatibile-per-epson-universale-600ml","status":"publish","type":"product","link":"https:\/\/pcxte.it\/?product=kit-6-inchiostri-compatibile-per-epson-universale-600ml","title":{"rendered":"KIT 6 INCHIOSTRI COMPATIBILE PER EPSON UNIVERSALE 600ML"},"content":{"rendered":"<p><strong>Kit 6 Inchiostri Compatibile Nero e Colore per Epson Universale<\/strong><\/p>\n<p>Compatibile per Tutte le Stampanti Epson.<\/p>\n<p>Descrizione : 01 Inchiostro Compatibile EPSON Nero da 100 ml.,\u00a001 Inchiostro Compatibile EPSON Giallo da 100 ml.,\u00a001 Inchiostro Compatibile EPSON Magenta da 100 ml.,\u00a001 Inchiostro Compatibile EPSON Ciano da 100 ml.,\u00a001 Inchiostro Compatibile EPSON Light Ciano da 100 ml.,\u00a001 Inchiostro Compatibile EPSON Light Magenta da 100 ml.<\/p>\n","protected":false},"excerpt":{"rendered":"<p><strong>Kit 4 Inchiostri Compatibile Nero e Colore per Epson Universale<\/strong><\/p>\n<p>Compatibile per Tutte le Stampanti Epson.<\/p>\n<p><strong>Il Significato dell&#8217;Inchiostro Dye Base:<\/strong><\/p>\n<p>Gli inchiostri dye-based (detto anche inchiostro a base d&#8217;acqua) arrecano meno problemi alla stampante, sono pi\u00f9 economici, per\u00f2 il colore \u00e8 pi\u00f9 sensibile ai raggi ultravioletti e quindi, se le foto sono esposte alla luce del sole tendono a sbiadire, se non si deve stampare foto artistiche che durano nel tempo e che spesso la stampante rimane inutilizzata per settimane \u00e8 consigliabile optare per i dye-based.<\/p>\n<p><strong>Contenuto:<\/strong> 1 Nero 100ml, 1 Ciano 100ml, 1 Magenta 100ml, 1 Giallo 100ml, Guanti + Siringhe.<\/p>\n","protected":false},"featured_media":760,"comment_status":"closed","ping_status":"closed","template":"","meta":[],"product_cat":[37,347,42],"product_tag":[],"class_list":{"0":"post-761","1":"product","2":"type-product","3":"status-publish","4":"has-post-thumbnail","6":"product_cat-inchiostri-compatibili","7":"product_cat-inchiostro-comp-le-100ml","8":"product_cat-inchiostro-compatibile-epson","9":"thunk-woo-product-list","10":"opn-qv-enable","11":"open-woo-hover-","12":"open-single-product-tab-horizontal","13":"open-shadow-","14":"open-shadow-hover-","16":"first","17":"outofstock","18":"sale","19":"featured","20":"taxable","21":"shipping-taxable","22":"purchasable","23":"product-type-simple"},"_links":{"self":[{"href":"https:\/\/pcxte.it\/index.php?rest_route=\/wp\/v2\/product\/761","targetHints":{"allow":["GET"]}}],"collection":[{"href":"https:\/\/pcxte.it\/index.php?rest_route=\/wp\/v2\/product"}],"about":[{"href":"https:\/\/pcxte.it\/index.php?rest_route=\/wp\/v2\/types\/product"}],"replies":[{"embeddable":true,"href":"https:\/\/pcxte.it\/index.php?rest_route=%2Fwp%2Fv2%2Fcomments&post=761"}],"wp:featuredmedia":[{"embeddable":true,"href":"https:\/\/pcxte.it\/index.php?rest_route=\/wp\/v2\/media\/760"}],"wp:attachment":[{"href":"https:\/\/pcxte.it\/index.php?rest_route=%2Fwp%2Fv2%2Fmedia&parent=761"}],"wp:term":[{"taxonomy":"product_cat","embeddable":true,"href":"https:\/\/pcxte.it\/index.php?rest_route=%2Fwp%2Fv2%2Fproduct_cat&post=761"},{"taxonomy":"product_tag","embeddable":true,"href":"https:\/\/pcxte.it\/index.php?rest_route=%2Fwp%2Fv2%2Fproduct_tag&post=761"}],"curies":[{"name":"wp","href":"https:\/\/api.w.org\/{rel}","templated":true}]}}