{"id":781,"date":"2022-10-06T14:21:35","date_gmt":"2022-10-06T14:21:35","guid":{"rendered":"http:\/\/127.0.0.1\/wordpress\/prodotto\/inchiostro-compatibile-ciano-specifico-100-ml\/"},"modified":"2022-10-06T14:21:35","modified_gmt":"2022-10-06T14:21:35","slug":"inchiostro-compatibile-ciano-specifico-100-ml","status":"publish","type":"product","link":"https:\/\/pcxte.it\/?product=inchiostro-compatibile-ciano-specifico-100-ml","title":{"rendered":"Inchiostro Compatibile Ciano Specifico 100 ml."},"content":{"rendered":"<p><strong>Inchiostro Compatibile Ciano <strong>Specifico<\/strong> 100 ml.<\/strong><\/p>\n<p>Compatibile per Tutte le Stampanti Epson.<\/p>\n<p>&nbsp;<\/p>\n","protected":false},"excerpt":{"rendered":"<p><strong>Inchiostro Compatibile Epson Ciano\u00a0<strong>Specifico<\/strong> 100 ml.<\/strong><\/p>\n<p>Compatibile per Tutte le Stampanti Epson<\/p>\n<p><strong>Il Significato dell&#8217;Inchiostro Dye Base:<\/strong><\/p>\n<p>Gli inchiostri dye-based (detto anche inchiostro a base d&#8217;acqua) arrecano meno problemi alla stampante, sono pi\u00f9 economici, per\u00f2 il colore \u00e8 pi\u00f9 sensibile ai raggi ultravioletti e quindi, se le foto sono esposte alla luce del sole tendono a sbiadire, se non si deve stampare foto artistiche che durano nel tempo e che spesso la stampante rimane inutilizzata per settimane \u00e8 consigliabile optare per i dye-based.<\/p>\n<p><span style=\"line-height: 1.5\"> <strong>Contenuto:<\/strong> 1 Bottiglia da 100ml Ciano.<\/span><\/p>\n","protected":false},"featured_media":780,"comment_status":"closed","ping_status":"closed","template":"","meta":[],"product_cat":[37,347,40,42],"product_tag":[],"class_list":{"0":"post-781","1":"product","2":"type-product","3":"status-publish","4":"has-post-thumbnail","6":"product_cat-inchiostri-compatibili","7":"product_cat-inchiostro-comp-le-100ml","8":"product_cat-inchiostro-compatibile-brother","9":"product_cat-inchiostro-compatibile-epson","10":"thunk-woo-product-list","11":"opn-qv-enable","12":"open-woo-hover-","13":"open-single-product-tab-horizontal","14":"open-shadow-","15":"open-shadow-hover-","17":"first","18":"outofstock","19":"taxable","20":"shipping-taxable","21":"purchasable","22":"product-type-simple"},"_links":{"self":[{"href":"https:\/\/pcxte.it\/index.php?rest_route=\/wp\/v2\/product\/781","targetHints":{"allow":["GET"]}}],"collection":[{"href":"https:\/\/pcxte.it\/index.php?rest_route=\/wp\/v2\/product"}],"about":[{"href":"https:\/\/pcxte.it\/index.php?rest_route=\/wp\/v2\/types\/product"}],"replies":[{"embeddable":true,"href":"https:\/\/pcxte.it\/index.php?rest_route=%2Fwp%2Fv2%2Fcomments&post=781"}],"wp:featuredmedia":[{"embeddable":true,"href":"https:\/\/pcxte.it\/index.php?rest_route=\/wp\/v2\/media\/780"}],"wp:attachment":[{"href":"https:\/\/pcxte.it\/index.php?rest_route=%2Fwp%2Fv2%2Fmedia&parent=781"}],"wp:term":[{"taxonomy":"product_cat","embeddable":true,"href":"https:\/\/pcxte.it\/index.php?rest_route=%2Fwp%2Fv2%2Fproduct_cat&post=781"},{"taxonomy":"product_tag","embeddable":true,"href":"https:\/\/pcxte.it\/index.php?rest_route=%2Fwp%2Fv2%2Fproduct_tag&post=781"}],"curies":[{"name":"wp","href":"https:\/\/api.w.org\/{rel}","templated":true}]}}